{"id":265500,"date":"2025-05-22T14:58:55","date_gmt":"2025-05-22T12:58:55","guid":{"rendered":"https:\/\/ergsport.fi\/?post_type=product&#038;p=265500"},"modified":"2025-05-22T15:10:52","modified_gmt":"2025-05-22T13:10:52","slug":"concept2-airon-kadensija-2","status":"publish","type":"product","link":"https:\/\/ergsport.fi\/en\/shop\/veneet\/veneen-osat\/concept2-airon-kadensija-2\/","title":{"rendered":"Concept2 airon k\u00e4densija"},"content":{"rendered":"<p>Suede s\u00e4\u00e4dett\u00e4v\u00e4 k\u00e4densija<\/p>\n","protected":false},"excerpt":{"rendered":"<p>Suede s\u00e4\u00e4dett\u00e4v\u00e4 k\u00e4densija<\/p>\n","protected":false},"featured_media":262412,"comment_status":"open","ping_status":"closed","template":"","meta":{"_acf_changed":false,"_et_pb_use_builder":"","_et_pb_old_content":"","_et_gb_content_width":""},"product_brand":[],"product_cat":[221,26],"product_tag":[],"class_list":{"0":"post-265500","1":"product","2":"type-product","3":"status-publish","4":"has-post-thumbnail","6":"product_cat-veneen-osat","7":"product_cat-concept2","8":"product_shipping_class-posti","10":"first","11":"instock","12":"taxable","13":"shipping-taxable","14":"purchasable","15":"product-type-variable"},"acf":[],"yoast_head":"<!-- This site is optimized with the Yoast SEO plugin v25.9 - https:\/\/yoast.com\/wordpress\/plugins\/seo\/ -->\n<title>Concept2 airon k\u00e4densija | Erg Sport Oy<\/title>\n<meta name=\"robots\" content=\"index, follow, max-snippet:-1, max-image-preview:large, max-video-preview:-1\" \/>\n<link rel=\"canonical\" href=\"https:\/\/ergsport.fi\/en\/shop\/veneet\/veneen-osat\/concept2-airon-kadensija-2\/\" \/>\n<meta property=\"og:locale\" content=\"en_US\" \/>\n<meta property=\"og:type\" content=\"article\" \/>\n<meta property=\"og:title\" content=\"Concept2 airon k\u00e4densija | Erg Sport Oy\" \/>\n<meta property=\"og:description\" content=\"Suede s\u00e4\u00e4dett\u00e4v\u00e4 k\u00e4densija\" \/>\n<meta property=\"og:url\" content=\"https:\/\/ergsport.fi\/en\/shop\/veneet\/veneen-osat\/concept2-airon-kadensija-2\/\" \/>\n<meta property=\"og:site_name\" content=\"Erg Sport Oy\" \/>\n<meta property=\"article:modified_time\" content=\"2025-05-22T13:10:52+00:00\" \/>\n<meta property=\"og:image\" content=\"https:\/\/ergsport.fi\/wp-content\/uploads\/2024\/09\/864-scull-grip-suede-adjustable.jpg\" \/>\n\t<meta property=\"og:image:width\" content=\"800\" \/>\n\t<meta property=\"og:image:height\" content=\"800\" \/>\n\t<meta property=\"og:image:type\" content=\"image\/jpeg\" \/>\n<meta name=\"twitter:card\" content=\"summary_large_image\" \/>\n<meta name=\"twitter:label1\" content=\"Est. reading time\" \/>\n\t<meta name=\"twitter:data1\" content=\"1 minute\" \/>\n<script type=\"application\/ld+json\" class=\"yoast-schema-graph\">{\"@context\":\"https:\/\/schema.org\",\"@graph\":[{\"@type\":\"WebPage\",\"@id\":\"https:\/\/ergsport.fi\/en\/shop\/veneet\/veneen-osat\/concept2-airon-kadensija-2\/\",\"url\":\"https:\/\/ergsport.fi\/en\/shop\/veneet\/veneen-osat\/concept2-airon-kadensija-2\/\",\"name\":\"Concept2 airon k\u00e4densija | Erg Sport Oy\",\"isPartOf\":{\"@id\":\"https:\/\/ergsport.fi\/en\/#website\"},\"primaryImageOfPage\":{\"@id\":\"https:\/\/ergsport.fi\/en\/shop\/veneet\/veneen-osat\/concept2-airon-kadensija-2\/#primaryimage\"},\"image\":{\"@id\":\"https:\/\/ergsport.fi\/en\/shop\/veneet\/veneen-osat\/concept2-airon-kadensija-2\/#primaryimage\"},\"thumbnailUrl\":\"https:\/\/ergsport.fi\/wp-content\/uploads\/2024\/09\/864-scull-grip-suede-adjustable.jpg\",\"datePublished\":\"2025-05-22T12:58:55+00:00\",\"dateModified\":\"2025-05-22T13:10:52+00:00\",\"breadcrumb\":{\"@id\":\"https:\/\/ergsport.fi\/en\/shop\/veneet\/veneen-osat\/concept2-airon-kadensija-2\/#breadcrumb\"},\"inLanguage\":\"en-US\",\"potentialAction\":[{\"@type\":\"ReadAction\",\"target\":[\"https:\/\/ergsport.fi\/en\/shop\/veneet\/veneen-osat\/concept2-airon-kadensija-2\/\"]}]},{\"@type\":\"ImageObject\",\"inLanguage\":\"en-US\",\"@id\":\"https:\/\/ergsport.fi\/en\/shop\/veneet\/veneen-osat\/concept2-airon-kadensija-2\/#primaryimage\",\"url\":\"https:\/\/ergsport.fi\/wp-content\/uploads\/2024\/09\/864-scull-grip-suede-adjustable.jpg\",\"contentUrl\":\"https:\/\/ergsport.fi\/wp-content\/uploads\/2024\/09\/864-scull-grip-suede-adjustable.jpg\",\"width\":800,\"height\":800},{\"@type\":\"BreadcrumbList\",\"@id\":\"https:\/\/ergsport.fi\/en\/shop\/veneet\/veneen-osat\/concept2-airon-kadensija-2\/#breadcrumb\",\"itemListElement\":[{\"@type\":\"ListItem\",\"position\":1,\"name\":\"Home\",\"item\":\"https:\/\/ergsport.fi\/en\/frontpage\/\"},{\"@type\":\"ListItem\",\"position\":2,\"name\":\"Shop\",\"item\":\"https:\/\/ergsport.fi\/en\/shop\/\"},{\"@type\":\"ListItem\",\"position\":3,\"name\":\"Concept2 airon k\u00e4densija\"}]},{\"@type\":\"WebSite\",\"@id\":\"https:\/\/ergsport.fi\/en\/#website\",\"url\":\"https:\/\/ergsport.fi\/en\/\",\"name\":\"Erg Sport Oy\",\"description\":\"\",\"publisher\":{\"@id\":\"https:\/\/ergsport.fi\/en\/#organization\"},\"potentialAction\":[{\"@type\":\"SearchAction\",\"target\":{\"@type\":\"EntryPoint\",\"urlTemplate\":\"https:\/\/ergsport.fi\/en\/?s={search_term_string}\"},\"query-input\":{\"@type\":\"PropertyValueSpecification\",\"valueRequired\":true,\"valueName\":\"search_term_string\"}}],\"inLanguage\":\"en-US\"},{\"@type\":\"Organization\",\"@id\":\"https:\/\/ergsport.fi\/en\/#organization\",\"name\":\"Erg Sport Oy\",\"url\":\"https:\/\/ergsport.fi\/en\/\",\"logo\":{\"@type\":\"ImageObject\",\"inLanguage\":\"en-US\",\"@id\":\"https:\/\/ergsport.fi\/en\/#\/schema\/logo\/image\/\",\"url\":\"https:\/\/ergsport.fi\/wp-content\/uploads\/2024\/03\/erg-sport-logoikoni-tumma@4x.png\",\"contentUrl\":\"https:\/\/ergsport.fi\/wp-content\/uploads\/2024\/03\/erg-sport-logoikoni-tumma@4x.png\",\"width\":792,\"height\":704,\"caption\":\"Erg Sport Oy\"},\"image\":{\"@id\":\"https:\/\/ergsport.fi\/en\/#\/schema\/logo\/image\/\"}}]}<\/script>\n<!-- \/ Yoast SEO plugin. -->","yoast_head_json":{"title":"Concept2 airon k\u00e4densija | Erg Sport Oy","robots":{"index":"index","follow":"follow","max-snippet":"max-snippet:-1","max-image-preview":"max-image-preview:large","max-video-preview":"max-video-preview:-1"},"canonical":"https:\/\/ergsport.fi\/en\/shop\/veneet\/veneen-osat\/concept2-airon-kadensija-2\/","og_locale":"en_US","og_type":"article","og_title":"Concept2 airon k\u00e4densija | Erg Sport Oy","og_description":"Suede s\u00e4\u00e4dett\u00e4v\u00e4 k\u00e4densija","og_url":"https:\/\/ergsport.fi\/en\/shop\/veneet\/veneen-osat\/concept2-airon-kadensija-2\/","og_site_name":"Erg Sport Oy","article_modified_time":"2025-05-22T13:10:52+00:00","og_image":[{"width":800,"height":800,"url":"https:\/\/ergsport.fi\/wp-content\/uploads\/2024\/09\/864-scull-grip-suede-adjustable.jpg","type":"image\/jpeg"}],"twitter_card":"summary_large_image","twitter_misc":{"Est. reading time":"1 minute"},"schema":{"@context":"https:\/\/schema.org","@graph":[{"@type":"WebPage","@id":"https:\/\/ergsport.fi\/en\/shop\/veneet\/veneen-osat\/concept2-airon-kadensija-2\/","url":"https:\/\/ergsport.fi\/en\/shop\/veneet\/veneen-osat\/concept2-airon-kadensija-2\/","name":"Concept2 airon k\u00e4densija | Erg Sport Oy","isPartOf":{"@id":"https:\/\/ergsport.fi\/en\/#website"},"primaryImageOfPage":{"@id":"https:\/\/ergsport.fi\/en\/shop\/veneet\/veneen-osat\/concept2-airon-kadensija-2\/#primaryimage"},"image":{"@id":"https:\/\/ergsport.fi\/en\/shop\/veneet\/veneen-osat\/concept2-airon-kadensija-2\/#primaryimage"},"thumbnailUrl":"https:\/\/ergsport.fi\/wp-content\/uploads\/2024\/09\/864-scull-grip-suede-adjustable.jpg","datePublished":"2025-05-22T12:58:55+00:00","dateModified":"2025-05-22T13:10:52+00:00","breadcrumb":{"@id":"https:\/\/ergsport.fi\/en\/shop\/veneet\/veneen-osat\/concept2-airon-kadensija-2\/#breadcrumb"},"inLanguage":"en-US","potentialAction":[{"@type":"ReadAction","target":["https:\/\/ergsport.fi\/en\/shop\/veneet\/veneen-osat\/concept2-airon-kadensija-2\/"]}]},{"@type":"ImageObject","inLanguage":"en-US","@id":"https:\/\/ergsport.fi\/en\/shop\/veneet\/veneen-osat\/concept2-airon-kadensija-2\/#primaryimage","url":"https:\/\/ergsport.fi\/wp-content\/uploads\/2024\/09\/864-scull-grip-suede-adjustable.jpg","contentUrl":"https:\/\/ergsport.fi\/wp-content\/uploads\/2024\/09\/864-scull-grip-suede-adjustable.jpg","width":800,"height":800},{"@type":"BreadcrumbList","@id":"https:\/\/ergsport.fi\/en\/shop\/veneet\/veneen-osat\/concept2-airon-kadensija-2\/#breadcrumb","itemListElement":[{"@type":"ListItem","position":1,"name":"Home","item":"https:\/\/ergsport.fi\/en\/frontpage\/"},{"@type":"ListItem","position":2,"name":"Shop","item":"https:\/\/ergsport.fi\/en\/shop\/"},{"@type":"ListItem","position":3,"name":"Concept2 airon k\u00e4densija"}]},{"@type":"WebSite","@id":"https:\/\/ergsport.fi\/en\/#website","url":"https:\/\/ergsport.fi\/en\/","name":"Erg Sport Oy","description":"","publisher":{"@id":"https:\/\/ergsport.fi\/en\/#organization"},"potentialAction":[{"@type":"SearchAction","target":{"@type":"EntryPoint","urlTemplate":"https:\/\/ergsport.fi\/en\/?s={search_term_string}"},"query-input":{"@type":"PropertyValueSpecification","valueRequired":true,"valueName":"search_term_string"}}],"inLanguage":"en-US"},{"@type":"Organization","@id":"https:\/\/ergsport.fi\/en\/#organization","name":"Erg Sport Oy","url":"https:\/\/ergsport.fi\/en\/","logo":{"@type":"ImageObject","inLanguage":"en-US","@id":"https:\/\/ergsport.fi\/en\/#\/schema\/logo\/image\/","url":"https:\/\/ergsport.fi\/wp-content\/uploads\/2024\/03\/erg-sport-logoikoni-tumma@4x.png","contentUrl":"https:\/\/ergsport.fi\/wp-content\/uploads\/2024\/03\/erg-sport-logoikoni-tumma@4x.png","width":792,"height":704,"caption":"Erg Sport Oy"},"image":{"@id":"https:\/\/ergsport.fi\/en\/#\/schema\/logo\/image\/"}}]}},"_links":{"self":[{"href":"https:\/\/ergsport.fi\/en\/wp-json\/wp\/v2\/product\/265500","targetHints":{"allow":["GET"]}}],"collection":[{"href":"https:\/\/ergsport.fi\/en\/wp-json\/wp\/v2\/product"}],"about":[{"href":"https:\/\/ergsport.fi\/en\/wp-json\/wp\/v2\/types\/product"}],"replies":[{"embeddable":true,"href":"https:\/\/ergsport.fi\/en\/wp-json\/wp\/v2\/comments?post=265500"}],"wp:featuredmedia":[{"embeddable":true,"href":"https:\/\/ergsport.fi\/en\/wp-json\/wp\/v2\/media\/262412"}],"wp:attachment":[{"href":"https:\/\/ergsport.fi\/en\/wp-json\/wp\/v2\/media?parent=265500"}],"wp:term":[{"taxonomy":"product_brand","embeddable":true,"href":"https:\/\/ergsport.fi\/en\/wp-json\/wp\/v2\/product_brand?post=265500"},{"taxonomy":"product_cat","embeddable":true,"href":"https:\/\/ergsport.fi\/en\/wp-json\/wp\/v2\/product_cat?post=265500"},{"taxonomy":"product_tag","embeddable":true,"href":"https:\/\/ergsport.fi\/en\/wp-json\/wp\/v2\/product_tag?post=265500"}],"curies":[{"name":"wp","href":"https:\/\/api.w.org\/{rel}","templated":true}]}}