{"id":265173,"date":"2025-03-23T07:07:46","date_gmt":"2025-03-23T05:07:46","guid":{"rendered":"https:\/\/ergsport.fi\/?post_type=product&#038;p=265173"},"modified":"2026-01-30T11:10:23","modified_gmt":"2026-01-30T09:10:23","slug":"speedcoach-gps","status":"publish","type":"product","link":"https:\/\/ergsport.fi\/en\/shop\/veneet\/veneen-osat\/speedcoach-gps\/","title":{"rendered":"SpeedCoach GPS"},"content":{"rendered":"<p>Nielsen-Kellerman SpeedCoach GPS tarjoaa tarkkaa informaatiota veneen nopeudesta, tahdista, matkasta ja ajasta. Mittarissa sis\u00e4\u00e4nrakennettu GPS tai lis\u00e4varusteena saatavilla nopeusev\u00e4 ja piuhat, jolla mittaustarkkuus paranee virtaavassa vedess\u00e4. Harjoitukset purettavissa <a href=\"https:\/\/nksports.com\/link-logbook\">tietokoneelle tai NK Logbook mobiilisovellukseen<\/a>. SpeedCoach GPS tukee EmPower svirveli\u00e4.<\/p>\n<p>&nbsp;<\/p>\n<table class=\"table table-striped table-hover table-responsive table-bordered nksports_specs\" data-toggle=\"table\">\n<tbody>\n<tr>\n<th class=\"col-xs-2 \" style=\"width: 178.796875px\">Sis\u00e4ltyy pakkaukseen<\/th>\n<td class=\"col-xs-10\" style=\"width: 892.21875px\">\n<ul>\n<li>USB-A lataustelakka<\/li>\n<li>Kantopussi<\/li>\n<li>Nauha<\/li>\n<li>Mittarin kelluke<\/li>\n<li>Pikakiinnitys telakka nauhalla<\/li>\n<li>Ladattava lithium-polymer paristo<\/li>\n<li>SpeedCoach GPS Model 2<\/li>\n<li>SpeedCoach GPS Suojakumi<\/li>\n<\/ul>\n<\/td>\n<\/tr>\n<tr>\n<th class=\"col-xs-2 \" style=\"width: 178.796875px\">Veden suojaus<\/th>\n<td class=\"col-xs-10\" style=\"width: 892.21875px\">Waterproof (IP67, NEMA-6).<\/td>\n<\/tr>\n<tr>\n<th class=\"col-xs-2 \" style=\"width: 178.796875px\">Muisti<\/th>\n<td class=\"col-xs-10\" style=\"width: 892.21875px\">18 h muisti. Noin. 125 2000m harjoitusta, tai 55 5000m harjoitusta.<\/td>\n<\/tr>\n<tr>\n<th class=\"col-xs-2 \" style=\"width: 178.796875px\">Ohjelmoitavat harjoitukset<\/th>\n<td class=\"col-xs-10\" style=\"width: 892.21875px\">Ohjelmoi harjoitus nopeasti. Tallenna jopa kuusi muokattavaa harjoitusta. Harjoituspalaute tarkkoina intervalleina.<\/td>\n<\/tr>\n<tr>\n<th class=\"col-xs-2 \" style=\"width: 178.796875px\">Langaton tiedonsiirto\/vastaanotto<\/th>\n<td class=\"col-xs-10\" style=\"width: 892.21875px\">Harjoituksen langaton tiedonsiirto PC, Mac, IOS ja Android.<\/td>\n<\/tr>\n<tr>\n<th class=\"col-xs-2 \" style=\"width: 178.796875px\">Tiedonsiirto<\/th>\n<td class=\"col-xs-10\" style=\"width: 892.21875px\">\n<ul>\n<li>Tiedonsiirto Link softalla Windows tai OS X tietokoneelle tai NK Link \u00c4pill\u00e4 IOS tai Android.<\/li>\n<li>Vie tiedot CSV tiedostona Exeliin tai Fit tiedostona kolmannen osapuolen palveluun analysoidaksesi dataa.<\/li>\n<\/ul>\n<\/td>\n<\/tr>\n<tr>\n<th class=\"col-xs-2 \" style=\"width: 178.796875px\">Mittarin paino<\/th>\n<td class=\"col-xs-10\" style=\"width: 892.21875px\">150 g suojakumilla<\/td>\n<\/tr>\n<tr>\n<th class=\"col-xs-2 \" style=\"width: 178.796875px\">Mittarin paino<\/th>\n<td class=\"col-xs-10\" style=\"width: 892.21875px\">204g pikakiinnityksell\u00e4<\/td>\n<\/tr>\n<tr>\n<th class=\"col-xs-2 \" style=\"width: 178.796875px\">N\u00e4yt\u00f6n mitat<\/th>\n<td class=\"col-xs-10 \" style=\"width: 892.21875px\">92 x 67 x 31 mm<\/td>\n<\/tr>\n<tr>\n<th class=\"col-xs-2 \" style=\"width: 178.796875px\">Kelluvuus<\/th>\n<td class=\"col-xs-10\" style=\"width: 892.21875px\">Ei kellu ( K\u00e4yt\u00e4 NK kelluketta.)<\/td>\n<\/tr>\n<tr>\n<th class=\"col-xs-2 \" style=\"width: 178.796875px\">N\u00e4ytt\u00f6<\/th>\n<td class=\"col-xs-10\" style=\"width: 892.21875px\">Suurikontrastinen, auringonvalossa luettava yksiv\u00e4rinen nestekiden\u00e4ytt\u00f6, jossa on 400 x 240 resoluutio ja suuret, selke\u00e4t numerot.<\/td>\n<\/tr>\n<tr>\n<th class=\"col-xs-2 \" style=\"width: 178.796875px\">Taustavalo<\/th>\n<td class=\"col-xs-10\" style=\"width: 892.21875px\">LED-taustavalo valaisee n\u00e4yt\u00f6n heikossa valaistuksessa automaattisesti<\/td>\n<\/tr>\n<tr>\n<th class=\"col-xs-2 \" style=\"width: 178.796875px\">Painikkeet<\/th>\n<td class=\"col-xs-10\" style=\"width: 892.21875px\">Nelj\u00e4 painiketta, iso p\u00e4\u00e4painike start\/lopeta\/tyhjenn\u00e4 painike Four soft-touch buttons, large primary start\/stop\/clear button.<\/td>\n<\/tr>\n<tr>\n<th class=\"col-xs-2 \" style=\"width: 178.796875px\">Paristo<\/th>\n<td class=\"col-xs-10\" style=\"width: 892.21875px\">Ladattava Lithium-Poly paristo tarjoaa max 8h toiminta-ajan, riippuen taustavalon k\u00e4yt\u00f6st\u00e4.<\/td>\n<\/tr>\n<tr>\n<th class=\"col-xs-2 \" style=\"width: 178.796875px\">Akun odotettu k\u00e4ytt\u00f6ik\u00e4<\/th>\n<td class=\"col-xs-10 \" style=\"width: 892.21875px\">Akun odotetaan kest\u00e4v\u00e4n 300 t\u00e4ytt\u00e4 latausta. T\u00e4m\u00e4n j\u00e4lkeen pariston kapasiteetti noin 80% uudesta.<\/td>\n<\/tr>\n<tr>\n<th class=\"col-xs-2 \" style=\"width: 178.796875px\">Virrans\u00e4\u00e4st\u00f6<\/th>\n<td class=\"col-xs-10\" style=\"width: 892.21875px\">Sammuu automaattisesti 8min j\u00e4lkeen, mik\u00e4li mittaria ei k\u00e4ytet\u00e4.<\/td>\n<\/tr>\n<tr>\n<th class=\"col-xs-2 \" style=\"width: 178.796875px\">Kuori<\/th>\n<td class=\"col-xs-10 \" style=\"width: 892.21875px\">Iskunkest\u00e4v\u00e4 polykarbonaatti kuori tiivistetyll\u00e4 akryyli lasilla. Kest\u00e4\u00e4 aurinkoa ja suolavett\u00e4. Ymp\u00e4rill\u00e4 kuomisuojus. Saatavilla eri v\u00e4reiss\u00e4.<\/td>\n<\/tr>\n<tr>\n<th class=\"col-xs-2 \" style=\"width: 178.796875px\">Takuu<\/th>\n<td class=\"col-xs-10\" style=\"width: 892.21875px\">2 Vuoden takuu<\/td>\n<\/tr>\n<\/tbody>\n<\/table>\n","protected":false},"excerpt":{"rendered":"<p>NK SpeedCoach GPS<\/p>\n","protected":false},"featured_media":265182,"comment_status":"open","ping_status":"closed","template":"","meta":{"_acf_changed":false,"_et_pb_use_builder":"","_et_pb_old_content":"","_et_gb_content_width":""},"product_brand":[],"product_cat":[221],"product_tag":[],"class_list":{"0":"post-265173","1":"product","2":"type-product","3":"status-publish","4":"has-post-thumbnail","6":"product_cat-veneen-osat","7":"product_shipping_class-posti","9":"first","10":"instock","11":"featured","12":"taxable","13":"shipping-taxable","14":"purchasable","15":"product-type-simple"},"acf":[],"yoast_head":"<!-- This site is optimized with the Yoast SEO plugin v25.9 - https:\/\/yoast.com\/wordpress\/plugins\/seo\/ -->\n<title>SpeedCoach GPS | Erg Sport Oy<\/title>\n<meta name=\"description\" content=\"Veneen nopeus- ja tahtimittari.\" \/>\n<meta name=\"robots\" content=\"index, follow, max-snippet:-1, max-image-preview:large, max-video-preview:-1\" \/>\n<link rel=\"canonical\" href=\"https:\/\/ergsport.fi\/en\/shop\/veneet\/veneen-osat\/speedcoach-gps\/\" \/>\n<meta property=\"og:locale\" content=\"en_US\" \/>\n<meta property=\"og:type\" content=\"article\" \/>\n<meta property=\"og:title\" content=\"SpeedCoach GPS | Erg Sport Oy\" \/>\n<meta property=\"og:description\" content=\"Veneen nopeus- ja tahtimittari.\" \/>\n<meta property=\"og:url\" content=\"https:\/\/ergsport.fi\/en\/shop\/veneet\/veneen-osat\/speedcoach-gps\/\" \/>\n<meta property=\"og:site_name\" content=\"Erg Sport Oy\" \/>\n<meta property=\"article:modified_time\" content=\"2026-01-30T09:10:23+00:00\" \/>\n<meta property=\"og:image\" content=\"https:\/\/ergsport.fi\/wp-content\/uploads\/2025\/03\/speedcoach-gps-bundle.jpg.webp\" \/>\n\t<meta property=\"og:image:width\" content=\"1000\" \/>\n\t<meta property=\"og:image:height\" content=\"1000\" \/>\n\t<meta property=\"og:image:type\" content=\"image\/webp\" \/>\n<meta name=\"twitter:card\" content=\"summary_large_image\" \/>\n<meta name=\"twitter:label1\" content=\"Est. reading time\" \/>\n\t<meta name=\"twitter:data1\" content=\"2 minutes\" \/>\n<script type=\"application\/ld+json\" class=\"yoast-schema-graph\">{\"@context\":\"https:\/\/schema.org\",\"@graph\":[{\"@type\":\"WebPage\",\"@id\":\"https:\/\/ergsport.fi\/en\/shop\/veneet\/veneen-osat\/speedcoach-gps\/\",\"url\":\"https:\/\/ergsport.fi\/en\/shop\/veneet\/veneen-osat\/speedcoach-gps\/\",\"name\":\"SpeedCoach GPS | Erg Sport Oy\",\"isPartOf\":{\"@id\":\"https:\/\/ergsport.fi\/en\/#website\"},\"primaryImageOfPage\":{\"@id\":\"https:\/\/ergsport.fi\/en\/shop\/veneet\/veneen-osat\/speedcoach-gps\/#primaryimage\"},\"image\":{\"@id\":\"https:\/\/ergsport.fi\/en\/shop\/veneet\/veneen-osat\/speedcoach-gps\/#primaryimage\"},\"thumbnailUrl\":\"https:\/\/ergsport.fi\/wp-content\/uploads\/2025\/03\/speedcoach-gps-bundle.jpg.webp\",\"datePublished\":\"2025-03-23T05:07:46+00:00\",\"dateModified\":\"2026-01-30T09:10:23+00:00\",\"description\":\"Veneen nopeus- ja tahtimittari.\",\"breadcrumb\":{\"@id\":\"https:\/\/ergsport.fi\/en\/shop\/veneet\/veneen-osat\/speedcoach-gps\/#breadcrumb\"},\"inLanguage\":\"en-US\",\"potentialAction\":[{\"@type\":\"ReadAction\",\"target\":[\"https:\/\/ergsport.fi\/en\/shop\/veneet\/veneen-osat\/speedcoach-gps\/\"]}]},{\"@type\":\"ImageObject\",\"inLanguage\":\"en-US\",\"@id\":\"https:\/\/ergsport.fi\/en\/shop\/veneet\/veneen-osat\/speedcoach-gps\/#primaryimage\",\"url\":\"https:\/\/ergsport.fi\/wp-content\/uploads\/2025\/03\/speedcoach-gps-bundle.jpg.webp\",\"contentUrl\":\"https:\/\/ergsport.fi\/wp-content\/uploads\/2025\/03\/speedcoach-gps-bundle.jpg.webp\",\"width\":1000,\"height\":1000},{\"@type\":\"BreadcrumbList\",\"@id\":\"https:\/\/ergsport.fi\/en\/shop\/veneet\/veneen-osat\/speedcoach-gps\/#breadcrumb\",\"itemListElement\":[{\"@type\":\"ListItem\",\"position\":1,\"name\":\"Home\",\"item\":\"https:\/\/ergsport.fi\/en\/frontpage\/\"},{\"@type\":\"ListItem\",\"position\":2,\"name\":\"Shop\",\"item\":\"https:\/\/ergsport.fi\/en\/shop\/\"},{\"@type\":\"ListItem\",\"position\":3,\"name\":\"SpeedCoach GPS\"}]},{\"@type\":\"WebSite\",\"@id\":\"https:\/\/ergsport.fi\/en\/#website\",\"url\":\"https:\/\/ergsport.fi\/en\/\",\"name\":\"Erg Sport Oy\",\"description\":\"\",\"publisher\":{\"@id\":\"https:\/\/ergsport.fi\/en\/#organization\"},\"potentialAction\":[{\"@type\":\"SearchAction\",\"target\":{\"@type\":\"EntryPoint\",\"urlTemplate\":\"https:\/\/ergsport.fi\/en\/?s={search_term_string}\"},\"query-input\":{\"@type\":\"PropertyValueSpecification\",\"valueRequired\":true,\"valueName\":\"search_term_string\"}}],\"inLanguage\":\"en-US\"},{\"@type\":\"Organization\",\"@id\":\"https:\/\/ergsport.fi\/en\/#organization\",\"name\":\"Erg Sport Oy\",\"url\":\"https:\/\/ergsport.fi\/en\/\",\"logo\":{\"@type\":\"ImageObject\",\"inLanguage\":\"en-US\",\"@id\":\"https:\/\/ergsport.fi\/en\/#\/schema\/logo\/image\/\",\"url\":\"https:\/\/ergsport.fi\/wp-content\/uploads\/2024\/03\/erg-sport-logoikoni-tumma@4x.png\",\"contentUrl\":\"https:\/\/ergsport.fi\/wp-content\/uploads\/2024\/03\/erg-sport-logoikoni-tumma@4x.png\",\"width\":792,\"height\":704,\"caption\":\"Erg Sport Oy\"},\"image\":{\"@id\":\"https:\/\/ergsport.fi\/en\/#\/schema\/logo\/image\/\"}}]}<\/script>\n<!-- \/ Yoast SEO plugin. -->","yoast_head_json":{"title":"SpeedCoach GPS | Erg Sport Oy","description":"Veneen nopeus- ja tahtimittari.","robots":{"index":"index","follow":"follow","max-snippet":"max-snippet:-1","max-image-preview":"max-image-preview:large","max-video-preview":"max-video-preview:-1"},"canonical":"https:\/\/ergsport.fi\/en\/shop\/veneet\/veneen-osat\/speedcoach-gps\/","og_locale":"en_US","og_type":"article","og_title":"SpeedCoach GPS | Erg Sport Oy","og_description":"Veneen nopeus- ja tahtimittari.","og_url":"https:\/\/ergsport.fi\/en\/shop\/veneet\/veneen-osat\/speedcoach-gps\/","og_site_name":"Erg Sport Oy","article_modified_time":"2026-01-30T09:10:23+00:00","og_image":[{"width":1000,"height":1000,"url":"https:\/\/ergsport.fi\/wp-content\/uploads\/2025\/03\/speedcoach-gps-bundle.jpg.webp","type":"image\/webp"}],"twitter_card":"summary_large_image","twitter_misc":{"Est. reading time":"2 minutes"},"schema":{"@context":"https:\/\/schema.org","@graph":[{"@type":"WebPage","@id":"https:\/\/ergsport.fi\/en\/shop\/veneet\/veneen-osat\/speedcoach-gps\/","url":"https:\/\/ergsport.fi\/en\/shop\/veneet\/veneen-osat\/speedcoach-gps\/","name":"SpeedCoach GPS | Erg Sport Oy","isPartOf":{"@id":"https:\/\/ergsport.fi\/en\/#website"},"primaryImageOfPage":{"@id":"https:\/\/ergsport.fi\/en\/shop\/veneet\/veneen-osat\/speedcoach-gps\/#primaryimage"},"image":{"@id":"https:\/\/ergsport.fi\/en\/shop\/veneet\/veneen-osat\/speedcoach-gps\/#primaryimage"},"thumbnailUrl":"https:\/\/ergsport.fi\/wp-content\/uploads\/2025\/03\/speedcoach-gps-bundle.jpg.webp","datePublished":"2025-03-23T05:07:46+00:00","dateModified":"2026-01-30T09:10:23+00:00","description":"Veneen nopeus- ja tahtimittari.","breadcrumb":{"@id":"https:\/\/ergsport.fi\/en\/shop\/veneet\/veneen-osat\/speedcoach-gps\/#breadcrumb"},"inLanguage":"en-US","potentialAction":[{"@type":"ReadAction","target":["https:\/\/ergsport.fi\/en\/shop\/veneet\/veneen-osat\/speedcoach-gps\/"]}]},{"@type":"ImageObject","inLanguage":"en-US","@id":"https:\/\/ergsport.fi\/en\/shop\/veneet\/veneen-osat\/speedcoach-gps\/#primaryimage","url":"https:\/\/ergsport.fi\/wp-content\/uploads\/2025\/03\/speedcoach-gps-bundle.jpg.webp","contentUrl":"https:\/\/ergsport.fi\/wp-content\/uploads\/2025\/03\/speedcoach-gps-bundle.jpg.webp","width":1000,"height":1000},{"@type":"BreadcrumbList","@id":"https:\/\/ergsport.fi\/en\/shop\/veneet\/veneen-osat\/speedcoach-gps\/#breadcrumb","itemListElement":[{"@type":"ListItem","position":1,"name":"Home","item":"https:\/\/ergsport.fi\/en\/frontpage\/"},{"@type":"ListItem","position":2,"name":"Shop","item":"https:\/\/ergsport.fi\/en\/shop\/"},{"@type":"ListItem","position":3,"name":"SpeedCoach GPS"}]},{"@type":"WebSite","@id":"https:\/\/ergsport.fi\/en\/#website","url":"https:\/\/ergsport.fi\/en\/","name":"Erg Sport Oy","description":"","publisher":{"@id":"https:\/\/ergsport.fi\/en\/#organization"},"potentialAction":[{"@type":"SearchAction","target":{"@type":"EntryPoint","urlTemplate":"https:\/\/ergsport.fi\/en\/?s={search_term_string}"},"query-input":{"@type":"PropertyValueSpecification","valueRequired":true,"valueName":"search_term_string"}}],"inLanguage":"en-US"},{"@type":"Organization","@id":"https:\/\/ergsport.fi\/en\/#organization","name":"Erg Sport Oy","url":"https:\/\/ergsport.fi\/en\/","logo":{"@type":"ImageObject","inLanguage":"en-US","@id":"https:\/\/ergsport.fi\/en\/#\/schema\/logo\/image\/","url":"https:\/\/ergsport.fi\/wp-content\/uploads\/2024\/03\/erg-sport-logoikoni-tumma@4x.png","contentUrl":"https:\/\/ergsport.fi\/wp-content\/uploads\/2024\/03\/erg-sport-logoikoni-tumma@4x.png","width":792,"height":704,"caption":"Erg Sport Oy"},"image":{"@id":"https:\/\/ergsport.fi\/en\/#\/schema\/logo\/image\/"}}]}},"_links":{"self":[{"href":"https:\/\/ergsport.fi\/en\/wp-json\/wp\/v2\/product\/265173","targetHints":{"allow":["GET"]}}],"collection":[{"href":"https:\/\/ergsport.fi\/en\/wp-json\/wp\/v2\/product"}],"about":[{"href":"https:\/\/ergsport.fi\/en\/wp-json\/wp\/v2\/types\/product"}],"replies":[{"embeddable":true,"href":"https:\/\/ergsport.fi\/en\/wp-json\/wp\/v2\/comments?post=265173"}],"wp:featuredmedia":[{"embeddable":true,"href":"https:\/\/ergsport.fi\/en\/wp-json\/wp\/v2\/media\/265182"}],"wp:attachment":[{"href":"https:\/\/ergsport.fi\/en\/wp-json\/wp\/v2\/media?parent=265173"}],"wp:term":[{"taxonomy":"product_brand","embeddable":true,"href":"https:\/\/ergsport.fi\/en\/wp-json\/wp\/v2\/product_brand?post=265173"},{"taxonomy":"product_cat","embeddable":true,"href":"https:\/\/ergsport.fi\/en\/wp-json\/wp\/v2\/product_cat?post=265173"},{"taxonomy":"product_tag","embeddable":true,"href":"https:\/\/ergsport.fi\/en\/wp-json\/wp\/v2\/product_tag?post=265173"}],"curies":[{"name":"wp","href":"https:\/\/api.w.org\/{rel}","templated":true}]}}