{"id":263674,"date":"2024-11-18T20:56:15","date_gmt":"2024-11-18T18:56:15","guid":{"rendered":"https:\/\/ergsport.fi\/?post_type=product&#038;p=263674"},"modified":"2025-01-21T09:08:50","modified_gmt":"2025-01-21T07:08:50","slug":"joulukortti-vaikuttaja","status":"publish","type":"product","link":"https:\/\/ergsport.fi\/en\/shop\/valmennus\/voimavalmennus\/hupi\/joulukortti-vaikuttaja\/","title":{"rendered":"Vaikuttaja joulukortti"},"content":{"rendered":"<p>Ennakkotilaa Vaikuttaja joulukortti pirist\u00e4m\u00e4\u00e4n l\u00e4heist\u00e4si!\u00a0 Mik\u00e4li tilaat suoraan yst\u00e4v\u00e4si postilaatikkoon Vaikuttajan nimikirjoituksella varustetun kortin, lis\u00e4\u00e4 h\u00e4nen osoitteensa &#8220;lis\u00e4tiedot&#8221; kentt\u00e4\u00e4n. Tilaa t\u00e4ll\u00f6in vain 1 kerrallaan &#8211; ellet halua ilahduttaa yst\u00e4v\u00e4\u00e4si monella vaikuttajakortilla! Jos et tied\u00e4 mit\u00e4 t\u00e4ss\u00e4 kuvassa tapahtuu, k\u00e4y instagramissa tutkimassa @voimailija profiilia.<\/p>\n","protected":false},"excerpt":{"rendered":"<p>Vaikuttaja joulukortti pirist\u00e4m\u00e4\u00e4n l\u00e4heist\u00e4si!<\/p>\n","protected":false},"featured_media":263675,"comment_status":"open","ping_status":"closed","template":"","meta":{"_acf_changed":false,"_et_pb_use_builder":"","_et_pb_old_content":"","_et_gb_content_width":""},"product_brand":[],"product_cat":[216],"product_tag":[],"class_list":{"0":"post-263674","1":"product","2":"type-product","3":"status-publish","4":"has-post-thumbnail","6":"product_cat-hupi","7":"product_shipping_class-pikkupaketti","9":"first","10":"outofstock","11":"sale","12":"taxable","13":"shipping-taxable","14":"purchasable","15":"product-type-simple"},"acf":[],"yoast_head":"<!-- This site is optimized with the Yoast SEO plugin v25.9 - https:\/\/yoast.com\/wordpress\/plugins\/seo\/ -->\n<title>Vaikuttaja joulukortti | Erg Sport Oy<\/title>\n<meta name=\"description\" content=\"Vaikuttaja joulukortti. Ilahduta yst\u00e4v\u00e4\u00e4si jouluna Vaikuttajavalla joulukortilla!\" \/>\n<meta name=\"robots\" content=\"index, follow, max-snippet:-1, max-image-preview:large, max-video-preview:-1\" \/>\n<link rel=\"canonical\" href=\"https:\/\/ergsport.fi\/en\/shop\/valmennus\/voimavalmennus\/hupi\/joulukortti-vaikuttaja\/\" \/>\n<meta property=\"og:locale\" content=\"en_US\" \/>\n<meta property=\"og:type\" content=\"article\" \/>\n<meta property=\"og:title\" content=\"Vaikuttaja joulukortti | Erg Sport Oy\" \/>\n<meta property=\"og:description\" content=\"Vaikuttaja joulukortti. Ilahduta yst\u00e4v\u00e4\u00e4si jouluna Vaikuttajavalla joulukortilla!\" \/>\n<meta property=\"og:url\" content=\"https:\/\/ergsport.fi\/en\/shop\/valmennus\/voimavalmennus\/hupi\/joulukortti-vaikuttaja\/\" \/>\n<meta property=\"og:site_name\" content=\"Erg Sport Oy\" \/>\n<meta property=\"article:modified_time\" content=\"2025-01-21T07:08:50+00:00\" \/>\n<meta property=\"og:image\" content=\"https:\/\/ergsport.fi\/wp-content\/uploads\/2024\/11\/siis-niin-ihanaa-Joulua-sulle-3-1-724x1024.png\" \/>\n\t<meta property=\"og:image:width\" content=\"724\" \/>\n\t<meta property=\"og:image:height\" content=\"1024\" \/>\n\t<meta property=\"og:image:type\" content=\"image\/png\" \/>\n<meta name=\"twitter:card\" content=\"summary_large_image\" \/>\n<meta name=\"twitter:label1\" content=\"Est. reading time\" \/>\n\t<meta name=\"twitter:data1\" content=\"1 minute\" \/>\n<script type=\"application\/ld+json\" class=\"yoast-schema-graph\">{\"@context\":\"https:\/\/schema.org\",\"@graph\":[{\"@type\":\"WebPage\",\"@id\":\"https:\/\/ergsport.fi\/en\/shop\/valmennus\/voimavalmennus\/hupi\/joulukortti-vaikuttaja\/\",\"url\":\"https:\/\/ergsport.fi\/en\/shop\/valmennus\/voimavalmennus\/hupi\/joulukortti-vaikuttaja\/\",\"name\":\"Vaikuttaja joulukortti | Erg Sport Oy\",\"isPartOf\":{\"@id\":\"https:\/\/ergsport.fi\/en\/#website\"},\"primaryImageOfPage\":{\"@id\":\"https:\/\/ergsport.fi\/en\/shop\/valmennus\/voimavalmennus\/hupi\/joulukortti-vaikuttaja\/#primaryimage\"},\"image\":{\"@id\":\"https:\/\/ergsport.fi\/en\/shop\/valmennus\/voimavalmennus\/hupi\/joulukortti-vaikuttaja\/#primaryimage\"},\"thumbnailUrl\":\"https:\/\/ergsport.fi\/wp-content\/uploads\/2024\/11\/siis-niin-ihanaa-Joulua-sulle-3-1.png\",\"datePublished\":\"2024-11-18T18:56:15+00:00\",\"dateModified\":\"2025-01-21T07:08:50+00:00\",\"description\":\"Vaikuttaja joulukortti. Ilahduta yst\u00e4v\u00e4\u00e4si jouluna Vaikuttajavalla joulukortilla!\",\"breadcrumb\":{\"@id\":\"https:\/\/ergsport.fi\/en\/shop\/valmennus\/voimavalmennus\/hupi\/joulukortti-vaikuttaja\/#breadcrumb\"},\"inLanguage\":\"en-US\",\"potentialAction\":[{\"@type\":\"ReadAction\",\"target\":[\"https:\/\/ergsport.fi\/en\/shop\/valmennus\/voimavalmennus\/hupi\/joulukortti-vaikuttaja\/\"]}]},{\"@type\":\"ImageObject\",\"inLanguage\":\"en-US\",\"@id\":\"https:\/\/ergsport.fi\/en\/shop\/valmennus\/voimavalmennus\/hupi\/joulukortti-vaikuttaja\/#primaryimage\",\"url\":\"https:\/\/ergsport.fi\/wp-content\/uploads\/2024\/11\/siis-niin-ihanaa-Joulua-sulle-3-1.png\",\"contentUrl\":\"https:\/\/ergsport.fi\/wp-content\/uploads\/2024\/11\/siis-niin-ihanaa-Joulua-sulle-3-1.png\",\"width\":1414,\"height\":2000},{\"@type\":\"BreadcrumbList\",\"@id\":\"https:\/\/ergsport.fi\/en\/shop\/valmennus\/voimavalmennus\/hupi\/joulukortti-vaikuttaja\/#breadcrumb\",\"itemListElement\":[{\"@type\":\"ListItem\",\"position\":1,\"name\":\"Home\",\"item\":\"https:\/\/ergsport.fi\/en\/frontpage\/\"},{\"@type\":\"ListItem\",\"position\":2,\"name\":\"Shop\",\"item\":\"https:\/\/ergsport.fi\/en\/shop\/\"},{\"@type\":\"ListItem\",\"position\":3,\"name\":\"Vaikuttaja joulukortti\"}]},{\"@type\":\"WebSite\",\"@id\":\"https:\/\/ergsport.fi\/en\/#website\",\"url\":\"https:\/\/ergsport.fi\/en\/\",\"name\":\"Erg Sport Oy\",\"description\":\"\",\"publisher\":{\"@id\":\"https:\/\/ergsport.fi\/en\/#organization\"},\"potentialAction\":[{\"@type\":\"SearchAction\",\"target\":{\"@type\":\"EntryPoint\",\"urlTemplate\":\"https:\/\/ergsport.fi\/en\/?s={search_term_string}\"},\"query-input\":{\"@type\":\"PropertyValueSpecification\",\"valueRequired\":true,\"valueName\":\"search_term_string\"}}],\"inLanguage\":\"en-US\"},{\"@type\":\"Organization\",\"@id\":\"https:\/\/ergsport.fi\/en\/#organization\",\"name\":\"Erg Sport Oy\",\"url\":\"https:\/\/ergsport.fi\/en\/\",\"logo\":{\"@type\":\"ImageObject\",\"inLanguage\":\"en-US\",\"@id\":\"https:\/\/ergsport.fi\/en\/#\/schema\/logo\/image\/\",\"url\":\"https:\/\/ergsport.fi\/wp-content\/uploads\/2024\/03\/erg-sport-logoikoni-tumma@4x.png\",\"contentUrl\":\"https:\/\/ergsport.fi\/wp-content\/uploads\/2024\/03\/erg-sport-logoikoni-tumma@4x.png\",\"width\":792,\"height\":704,\"caption\":\"Erg Sport Oy\"},\"image\":{\"@id\":\"https:\/\/ergsport.fi\/en\/#\/schema\/logo\/image\/\"}}]}<\/script>\n<!-- \/ Yoast SEO plugin. -->","yoast_head_json":{"title":"Vaikuttaja joulukortti | Erg Sport Oy","description":"Vaikuttaja joulukortti. Ilahduta yst\u00e4v\u00e4\u00e4si jouluna Vaikuttajavalla joulukortilla!","robots":{"index":"index","follow":"follow","max-snippet":"max-snippet:-1","max-image-preview":"max-image-preview:large","max-video-preview":"max-video-preview:-1"},"canonical":"https:\/\/ergsport.fi\/en\/shop\/valmennus\/voimavalmennus\/hupi\/joulukortti-vaikuttaja\/","og_locale":"en_US","og_type":"article","og_title":"Vaikuttaja joulukortti | Erg Sport Oy","og_description":"Vaikuttaja joulukortti. Ilahduta yst\u00e4v\u00e4\u00e4si jouluna Vaikuttajavalla joulukortilla!","og_url":"https:\/\/ergsport.fi\/en\/shop\/valmennus\/voimavalmennus\/hupi\/joulukortti-vaikuttaja\/","og_site_name":"Erg Sport Oy","article_modified_time":"2025-01-21T07:08:50+00:00","og_image":[{"width":724,"height":1024,"url":"https:\/\/ergsport.fi\/wp-content\/uploads\/2024\/11\/siis-niin-ihanaa-Joulua-sulle-3-1-724x1024.png","type":"image\/png"}],"twitter_card":"summary_large_image","twitter_misc":{"Est. reading time":"1 minute"},"schema":{"@context":"https:\/\/schema.org","@graph":[{"@type":"WebPage","@id":"https:\/\/ergsport.fi\/en\/shop\/valmennus\/voimavalmennus\/hupi\/joulukortti-vaikuttaja\/","url":"https:\/\/ergsport.fi\/en\/shop\/valmennus\/voimavalmennus\/hupi\/joulukortti-vaikuttaja\/","name":"Vaikuttaja joulukortti | Erg Sport Oy","isPartOf":{"@id":"https:\/\/ergsport.fi\/en\/#website"},"primaryImageOfPage":{"@id":"https:\/\/ergsport.fi\/en\/shop\/valmennus\/voimavalmennus\/hupi\/joulukortti-vaikuttaja\/#primaryimage"},"image":{"@id":"https:\/\/ergsport.fi\/en\/shop\/valmennus\/voimavalmennus\/hupi\/joulukortti-vaikuttaja\/#primaryimage"},"thumbnailUrl":"https:\/\/ergsport.fi\/wp-content\/uploads\/2024\/11\/siis-niin-ihanaa-Joulua-sulle-3-1.png","datePublished":"2024-11-18T18:56:15+00:00","dateModified":"2025-01-21T07:08:50+00:00","description":"Vaikuttaja joulukortti. Ilahduta yst\u00e4v\u00e4\u00e4si jouluna Vaikuttajavalla joulukortilla!","breadcrumb":{"@id":"https:\/\/ergsport.fi\/en\/shop\/valmennus\/voimavalmennus\/hupi\/joulukortti-vaikuttaja\/#breadcrumb"},"inLanguage":"en-US","potentialAction":[{"@type":"ReadAction","target":["https:\/\/ergsport.fi\/en\/shop\/valmennus\/voimavalmennus\/hupi\/joulukortti-vaikuttaja\/"]}]},{"@type":"ImageObject","inLanguage":"en-US","@id":"https:\/\/ergsport.fi\/en\/shop\/valmennus\/voimavalmennus\/hupi\/joulukortti-vaikuttaja\/#primaryimage","url":"https:\/\/ergsport.fi\/wp-content\/uploads\/2024\/11\/siis-niin-ihanaa-Joulua-sulle-3-1.png","contentUrl":"https:\/\/ergsport.fi\/wp-content\/uploads\/2024\/11\/siis-niin-ihanaa-Joulua-sulle-3-1.png","width":1414,"height":2000},{"@type":"BreadcrumbList","@id":"https:\/\/ergsport.fi\/en\/shop\/valmennus\/voimavalmennus\/hupi\/joulukortti-vaikuttaja\/#breadcrumb","itemListElement":[{"@type":"ListItem","position":1,"name":"Home","item":"https:\/\/ergsport.fi\/en\/frontpage\/"},{"@type":"ListItem","position":2,"name":"Shop","item":"https:\/\/ergsport.fi\/en\/shop\/"},{"@type":"ListItem","position":3,"name":"Vaikuttaja joulukortti"}]},{"@type":"WebSite","@id":"https:\/\/ergsport.fi\/en\/#website","url":"https:\/\/ergsport.fi\/en\/","name":"Erg Sport Oy","description":"","publisher":{"@id":"https:\/\/ergsport.fi\/en\/#organization"},"potentialAction":[{"@type":"SearchAction","target":{"@type":"EntryPoint","urlTemplate":"https:\/\/ergsport.fi\/en\/?s={search_term_string}"},"query-input":{"@type":"PropertyValueSpecification","valueRequired":true,"valueName":"search_term_string"}}],"inLanguage":"en-US"},{"@type":"Organization","@id":"https:\/\/ergsport.fi\/en\/#organization","name":"Erg Sport Oy","url":"https:\/\/ergsport.fi\/en\/","logo":{"@type":"ImageObject","inLanguage":"en-US","@id":"https:\/\/ergsport.fi\/en\/#\/schema\/logo\/image\/","url":"https:\/\/ergsport.fi\/wp-content\/uploads\/2024\/03\/erg-sport-logoikoni-tumma@4x.png","contentUrl":"https:\/\/ergsport.fi\/wp-content\/uploads\/2024\/03\/erg-sport-logoikoni-tumma@4x.png","width":792,"height":704,"caption":"Erg Sport Oy"},"image":{"@id":"https:\/\/ergsport.fi\/en\/#\/schema\/logo\/image\/"}}]}},"_links":{"self":[{"href":"https:\/\/ergsport.fi\/en\/wp-json\/wp\/v2\/product\/263674","targetHints":{"allow":["GET"]}}],"collection":[{"href":"https:\/\/ergsport.fi\/en\/wp-json\/wp\/v2\/product"}],"about":[{"href":"https:\/\/ergsport.fi\/en\/wp-json\/wp\/v2\/types\/product"}],"replies":[{"embeddable":true,"href":"https:\/\/ergsport.fi\/en\/wp-json\/wp\/v2\/comments?post=263674"}],"wp:featuredmedia":[{"embeddable":true,"href":"https:\/\/ergsport.fi\/en\/wp-json\/wp\/v2\/media\/263675"}],"wp:attachment":[{"href":"https:\/\/ergsport.fi\/en\/wp-json\/wp\/v2\/media?parent=263674"}],"wp:term":[{"taxonomy":"product_brand","embeddable":true,"href":"https:\/\/ergsport.fi\/en\/wp-json\/wp\/v2\/product_brand?post=263674"},{"taxonomy":"product_cat","embeddable":true,"href":"https:\/\/ergsport.fi\/en\/wp-json\/wp\/v2\/product_cat?post=263674"},{"taxonomy":"product_tag","embeddable":true,"href":"https:\/\/ergsport.fi\/en\/wp-json\/wp\/v2\/product_tag?post=263674"}],"curies":[{"name":"wp","href":"https:\/\/api.w.org\/{rel}","templated":true}]}}