{"id":263254,"date":"2024-10-24T13:08:34","date_gmt":"2024-10-24T11:08:34","guid":{"rendered":"https:\/\/ergsport.fi\/?post_type=product&#038;p=263254"},"modified":"2025-04-01T07:58:34","modified_gmt":"2025-04-01T05:58:34","slug":"uv-hihat","status":"publish","type":"product","link":"https:\/\/ergsport.fi\/en\/shop\/uv-hihat\/uv-hihat\/","title":{"rendered":"UV-hihat"},"content":{"rendered":"<h2 class=\"font-bold text-h2 leading-[45px] pt-[30px] pb-[4px] [&amp;_a]:underline-offset-[6px] [&amp;_.underline]:underline-offset-[6px]\" dir=\"ltr\">Suomalaista k\u00e4sity\u00f6t\u00e4<\/h2>\n<h2 class=\"font-bold text-h2 leading-[45px] pt-[30px] pb-[4px] [&amp;_a]:underline-offset-[6px] [&amp;_.underline]:underline-offset-[6px]\" dir=\"ltr\">UV-hihat &#8211; T\u00e4ydellinen aurinkosuoja ulkoilijoille, urheilijalta<\/h2>\n<p class=\"text-body font-regular leading-[24px] pt-[9px] pb-[2px]\" dir=\"ltr\">Sara Sinisalon suunnittelemat UV-hihat suojaavat auringolta ja ovat tyylikk\u00e4\u00e4t k\u00e4ytt\u00e4\u00e4. Kun viet\u00e4t aikaa auringossa, on t\u00e4rke\u00e4\u00e4 suojata ihoasi haitallisilta UV-s\u00e4teilt\u00e4. UV-hihat on enemm\u00e4n kuin vaihtoehto perinteisille aurinkorasvoille, tarjoten yli 98% suojan haitallisia UV-s\u00e4teit\u00e4 vastaan UPF 50+ suojakertoimella.<\/p>\n<h2 class=\"font-bold text-h4 leading-[30px] pt-[15px] pb-[2px] [&amp;_a]:underline-offset-[6px] [&amp;_.underline]:underline-offset-[6px]\" dir=\"ltr\">UV-suoja kemikaalittomasti<\/h2>\n<p class=\"text-body font-regular leading-[24px] pt-[9px] pb-[2px]\" dir=\"ltr\">UV-hihat suojaa ihoa tehokkaasti haitallisilta s\u00e4teilt\u00e4 ja v\u00e4hent\u00e4\u00e4 auringon aiheuttamia vaurioita kemikaalittomasti. Monet aurinkorasvojen ainesosat, kuten oksibentsoni ja oktinoksaatti, voivat olla haitallisia sek\u00e4 ihmisille ett\u00e4 vesiekosysteemeille. UV-hihat tarjoavat luonnollisen ja kemikaalittoman suojan, mik\u00e4 on turvallista sek\u00e4 sinulle ett\u00e4 ymp\u00e4rist\u00f6lle.<\/p>\n<h2 class=\"font-bold text-h4 leading-[30px] pt-[15px] pb-[2px] [&amp;_a]:underline-offset-[6px] [&amp;_.underline]:underline-offset-[6px]\" dir=\"ltr\">Hengitt\u00e4v\u00e4t ja mukavat<\/h2>\n<p class=\"text-body font-regular leading-[24px] pt-[9px] pb-[2px]\" dir=\"ltr\">Kevyt, kosteutta siirt\u00e4v\u00e4 kangas pit\u00e4\u00e4 sinut viile\u00e4n\u00e4 ja kuivana, vaikka hikoilisitkin runsaasti. UV-hihat on suunniteltu erityisesti aktiivisille ihmisille, kuten beachvolleyn pelaajille ja soutajille.<\/p>\n<h2 class=\"font-bold text-h4 leading-[30px] pt-[15px] pb-[2px] [&amp;_a]:underline-offset-[6px] [&amp;_.underline]:underline-offset-[6px]\" dir=\"ltr\">Ekologiset materiaalit<\/h2>\n<p class=\"text-body font-regular leading-[24px] pt-[9px] pb-[2px]\" dir=\"ltr\">UV-hihat on valmistettu kest\u00e4vist\u00e4 ja myrkytt\u00f6mist\u00e4 materiaaleista. Toisin kuin aurinkorasvat, jotka voivat sis\u00e4lt\u00e4\u00e4 kemikaaleja ja ovat pakattu muovipakkauksiin, UV-hihat eiv\u00e4t kuormita ymp\u00e4rist\u00f6\u00e4 samalla tavalla &#8211; ja kest\u00e4v\u00e4t vuosia.<\/p>\n<h2 class=\"font-bold text-h4 leading-[30px] pt-[15px] pb-[2px] [&amp;_a]:underline-offset-[6px] [&amp;_.underline]:underline-offset-[6px]\" dir=\"ltr\">Valmistettu suomessa &amp; pitk\u00e4ik\u00e4inen<\/h2>\n<p class=\"text-body font-regular leading-[24px] pt-[9px] pb-[2px]\" dir=\"ltr\">UV-hihojen korkealaatuinen kangas s\u00e4ilytt\u00e4\u00e4 muotonsa ja tehokkuutensa pesusta pesuun, tarjoten pitk\u00e4aikaisen ja kustannustehokkaan suojan auringolta. Koska UV-hihat on valmistettu Suomessa, voit luottaa niiden laatuun ja eettisyyteen.<\/p>\n<h2 class=\"font-bold text-h4 leading-[30px] pt-[15px] pb-[2px] [&amp;_a]:underline-offset-[6px] [&amp;_.underline]:underline-offset-[6px]\" dir=\"ltr\">Saatavilla useissa koko- ja v\u00e4ri vaihtoehdoissa<\/h2>\n<p class=\"text-body font-regular leading-[24px] pt-[9px] pb-[2px]\" dir=\"ltr\">Valitse useista koko- ja v\u00e4rivaihtoehdoista juuri sinulle sopiva malli, joka yhdist\u00e4\u00e4 mukavuuden ja tyylikkyyden. UV-hihoissa yhdistyv\u00e4t k\u00e4yt\u00e4nn\u00f6llisyys ja muotoilu.<\/p>\n<p class=\"text-body font-regular leading-[24px] pt-[9px] pb-[2px]\" dir=\"ltr\">\n","protected":false},"excerpt":{"rendered":"<p>Suomalaista k\u00e4sity\u00f6t\u00e4 UV-hihat &#8211; T\u00e4ydellinen aurinkosuoja ulkoilijoille, urheilijalta Sara Sinisalon suunnittelemat UV-hihat suojaavat auringolta ja ovat tyylikk\u00e4\u00e4t k\u00e4ytt\u00e4\u00e4. Kun viet\u00e4t aikaa auringossa, on t\u00e4rke\u00e4\u00e4 suojata ihoasi haitallisilta UV-s\u00e4teilt\u00e4. UV-hihat on enemm\u00e4n kuin vaihtoehto perinteisille aurinkorasvoille, tarjoten yli 98% suojan haitallisia UV-s\u00e4teit\u00e4 vastaan UPF 50+ suojakertoimella. UV-suoja kemikaalittomasti UV-hihat suojaa ihoa tehokkaasti haitallisilta s\u00e4teilt\u00e4 ja v\u00e4hent\u00e4\u00e4 [&hellip;]<\/p>\n","protected":false},"featured_media":263257,"comment_status":"open","ping_status":"closed","template":"","meta":{"_acf_changed":false,"_et_pb_use_builder":"","_et_pb_old_content":"","_et_gb_content_width":""},"product_brand":[],"product_cat":[214],"product_tag":[],"class_list":{"0":"post-263254","1":"product","2":"type-product","3":"status-publish","4":"has-post-thumbnail","6":"product_cat-uv-hihat","7":"product_shipping_class-posti","9":"first","10":"instock","11":"taxable","12":"shipping-taxable","13":"purchasable","14":"product-type-variable"},"acf":[],"yoast_head":"<!-- This site is optimized with the Yoast SEO plugin v25.9 - https:\/\/yoast.com\/wordpress\/plugins\/seo\/ -->\n<title>UV-hihat | Erg Sport Oy<\/title>\n<meta name=\"description\" content=\"Sara Sinisalon suunnittelemat UV-hihat tarjoavat kemikaalittoman, ymp\u00e4rist\u00f6yst\u00e4v\u00e4llisen ja pitk\u00e4kestoisen suojan auringolta, v\u00e4hent\u00e4en haitallisia UV-s\u00e4teit\u00e4 UPF 50+ -suojakertoimella\" \/>\n<meta name=\"robots\" content=\"index, follow, max-snippet:-1, max-image-preview:large, max-video-preview:-1\" \/>\n<link rel=\"canonical\" href=\"https:\/\/ergsport.fi\/en\/shop\/uv-hihat\/uv-hihat\/\" \/>\n<meta property=\"og:locale\" content=\"en_US\" \/>\n<meta property=\"og:type\" content=\"article\" \/>\n<meta property=\"og:title\" content=\"UV-hihat | Erg Sport Oy\" \/>\n<meta property=\"og:description\" content=\"Sara Sinisalon suunnittelemat UV-hihat tarjoavat kemikaalittoman, ymp\u00e4rist\u00f6yst\u00e4v\u00e4llisen ja pitk\u00e4kestoisen suojan auringolta, v\u00e4hent\u00e4en haitallisia UV-s\u00e4teit\u00e4 UPF 50+ -suojakertoimella\" \/>\n<meta property=\"og:url\" content=\"https:\/\/ergsport.fi\/en\/shop\/uv-hihat\/uv-hihat\/\" \/>\n<meta property=\"og:site_name\" content=\"Erg Sport Oy\" \/>\n<meta property=\"article:modified_time\" content=\"2025-04-01T05:58:34+00:00\" \/>\n<meta property=\"og:image\" content=\"https:\/\/ergsport.fi\/wp-content\/uploads\/2024\/10\/2.png\" \/>\n\t<meta property=\"og:image:width\" content=\"1080\" \/>\n\t<meta property=\"og:image:height\" content=\"1080\" \/>\n\t<meta property=\"og:image:type\" content=\"image\/png\" \/>\n<meta name=\"twitter:card\" content=\"summary_large_image\" \/>\n<meta name=\"twitter:label1\" content=\"Est. reading time\" \/>\n\t<meta name=\"twitter:data1\" content=\"2 minutes\" \/>\n<script type=\"application\/ld+json\" class=\"yoast-schema-graph\">{\"@context\":\"https:\/\/schema.org\",\"@graph\":[{\"@type\":\"WebPage\",\"@id\":\"https:\/\/ergsport.fi\/en\/shop\/uv-hihat\/uv-hihat\/\",\"url\":\"https:\/\/ergsport.fi\/en\/shop\/uv-hihat\/uv-hihat\/\",\"name\":\"UV-hihat | Erg Sport Oy\",\"isPartOf\":{\"@id\":\"https:\/\/ergsport.fi\/en\/#website\"},\"primaryImageOfPage\":{\"@id\":\"https:\/\/ergsport.fi\/en\/shop\/uv-hihat\/uv-hihat\/#primaryimage\"},\"image\":{\"@id\":\"https:\/\/ergsport.fi\/en\/shop\/uv-hihat\/uv-hihat\/#primaryimage\"},\"thumbnailUrl\":\"https:\/\/ergsport.fi\/wp-content\/uploads\/2024\/10\/2.png\",\"datePublished\":\"2024-10-24T11:08:34+00:00\",\"dateModified\":\"2025-04-01T05:58:34+00:00\",\"description\":\"Sara Sinisalon suunnittelemat UV-hihat tarjoavat kemikaalittoman, ymp\u00e4rist\u00f6yst\u00e4v\u00e4llisen ja pitk\u00e4kestoisen suojan auringolta, v\u00e4hent\u00e4en haitallisia UV-s\u00e4teit\u00e4 UPF 50+ -suojakertoimella\",\"breadcrumb\":{\"@id\":\"https:\/\/ergsport.fi\/en\/shop\/uv-hihat\/uv-hihat\/#breadcrumb\"},\"inLanguage\":\"en-US\",\"potentialAction\":[{\"@type\":\"ReadAction\",\"target\":[\"https:\/\/ergsport.fi\/en\/shop\/uv-hihat\/uv-hihat\/\"]}]},{\"@type\":\"ImageObject\",\"inLanguage\":\"en-US\",\"@id\":\"https:\/\/ergsport.fi\/en\/shop\/uv-hihat\/uv-hihat\/#primaryimage\",\"url\":\"https:\/\/ergsport.fi\/wp-content\/uploads\/2024\/10\/2.png\",\"contentUrl\":\"https:\/\/ergsport.fi\/wp-content\/uploads\/2024\/10\/2.png\",\"width\":1080,\"height\":1080},{\"@type\":\"BreadcrumbList\",\"@id\":\"https:\/\/ergsport.fi\/en\/shop\/uv-hihat\/uv-hihat\/#breadcrumb\",\"itemListElement\":[{\"@type\":\"ListItem\",\"position\":1,\"name\":\"Home\",\"item\":\"https:\/\/ergsport.fi\/en\/frontpage\/\"},{\"@type\":\"ListItem\",\"position\":2,\"name\":\"Shop\",\"item\":\"https:\/\/ergsport.fi\/en\/shop\/\"},{\"@type\":\"ListItem\",\"position\":3,\"name\":\"UV-hihat\"}]},{\"@type\":\"WebSite\",\"@id\":\"https:\/\/ergsport.fi\/en\/#website\",\"url\":\"https:\/\/ergsport.fi\/en\/\",\"name\":\"Erg Sport Oy\",\"description\":\"\",\"publisher\":{\"@id\":\"https:\/\/ergsport.fi\/en\/#organization\"},\"potentialAction\":[{\"@type\":\"SearchAction\",\"target\":{\"@type\":\"EntryPoint\",\"urlTemplate\":\"https:\/\/ergsport.fi\/en\/?s={search_term_string}\"},\"query-input\":{\"@type\":\"PropertyValueSpecification\",\"valueRequired\":true,\"valueName\":\"search_term_string\"}}],\"inLanguage\":\"en-US\"},{\"@type\":\"Organization\",\"@id\":\"https:\/\/ergsport.fi\/en\/#organization\",\"name\":\"Erg Sport Oy\",\"url\":\"https:\/\/ergsport.fi\/en\/\",\"logo\":{\"@type\":\"ImageObject\",\"inLanguage\":\"en-US\",\"@id\":\"https:\/\/ergsport.fi\/en\/#\/schema\/logo\/image\/\",\"url\":\"https:\/\/ergsport.fi\/wp-content\/uploads\/2024\/03\/erg-sport-logoikoni-tumma@4x.png\",\"contentUrl\":\"https:\/\/ergsport.fi\/wp-content\/uploads\/2024\/03\/erg-sport-logoikoni-tumma@4x.png\",\"width\":792,\"height\":704,\"caption\":\"Erg Sport Oy\"},\"image\":{\"@id\":\"https:\/\/ergsport.fi\/en\/#\/schema\/logo\/image\/\"}}]}<\/script>\n<!-- \/ Yoast SEO plugin. -->","yoast_head_json":{"title":"UV-hihat | Erg Sport Oy","description":"Sara Sinisalon suunnittelemat UV-hihat tarjoavat kemikaalittoman, ymp\u00e4rist\u00f6yst\u00e4v\u00e4llisen ja pitk\u00e4kestoisen suojan auringolta, v\u00e4hent\u00e4en haitallisia UV-s\u00e4teit\u00e4 UPF 50+ -suojakertoimella","robots":{"index":"index","follow":"follow","max-snippet":"max-snippet:-1","max-image-preview":"max-image-preview:large","max-video-preview":"max-video-preview:-1"},"canonical":"https:\/\/ergsport.fi\/en\/shop\/uv-hihat\/uv-hihat\/","og_locale":"en_US","og_type":"article","og_title":"UV-hihat | Erg Sport Oy","og_description":"Sara Sinisalon suunnittelemat UV-hihat tarjoavat kemikaalittoman, ymp\u00e4rist\u00f6yst\u00e4v\u00e4llisen ja pitk\u00e4kestoisen suojan auringolta, v\u00e4hent\u00e4en haitallisia UV-s\u00e4teit\u00e4 UPF 50+ -suojakertoimella","og_url":"https:\/\/ergsport.fi\/en\/shop\/uv-hihat\/uv-hihat\/","og_site_name":"Erg Sport Oy","article_modified_time":"2025-04-01T05:58:34+00:00","og_image":[{"width":1080,"height":1080,"url":"https:\/\/ergsport.fi\/wp-content\/uploads\/2024\/10\/2.png","type":"image\/png"}],"twitter_card":"summary_large_image","twitter_misc":{"Est. reading time":"2 minutes"},"schema":{"@context":"https:\/\/schema.org","@graph":[{"@type":"WebPage","@id":"https:\/\/ergsport.fi\/en\/shop\/uv-hihat\/uv-hihat\/","url":"https:\/\/ergsport.fi\/en\/shop\/uv-hihat\/uv-hihat\/","name":"UV-hihat | Erg Sport Oy","isPartOf":{"@id":"https:\/\/ergsport.fi\/en\/#website"},"primaryImageOfPage":{"@id":"https:\/\/ergsport.fi\/en\/shop\/uv-hihat\/uv-hihat\/#primaryimage"},"image":{"@id":"https:\/\/ergsport.fi\/en\/shop\/uv-hihat\/uv-hihat\/#primaryimage"},"thumbnailUrl":"https:\/\/ergsport.fi\/wp-content\/uploads\/2024\/10\/2.png","datePublished":"2024-10-24T11:08:34+00:00","dateModified":"2025-04-01T05:58:34+00:00","description":"Sara Sinisalon suunnittelemat UV-hihat tarjoavat kemikaalittoman, ymp\u00e4rist\u00f6yst\u00e4v\u00e4llisen ja pitk\u00e4kestoisen suojan auringolta, v\u00e4hent\u00e4en haitallisia UV-s\u00e4teit\u00e4 UPF 50+ -suojakertoimella","breadcrumb":{"@id":"https:\/\/ergsport.fi\/en\/shop\/uv-hihat\/uv-hihat\/#breadcrumb"},"inLanguage":"en-US","potentialAction":[{"@type":"ReadAction","target":["https:\/\/ergsport.fi\/en\/shop\/uv-hihat\/uv-hihat\/"]}]},{"@type":"ImageObject","inLanguage":"en-US","@id":"https:\/\/ergsport.fi\/en\/shop\/uv-hihat\/uv-hihat\/#primaryimage","url":"https:\/\/ergsport.fi\/wp-content\/uploads\/2024\/10\/2.png","contentUrl":"https:\/\/ergsport.fi\/wp-content\/uploads\/2024\/10\/2.png","width":1080,"height":1080},{"@type":"BreadcrumbList","@id":"https:\/\/ergsport.fi\/en\/shop\/uv-hihat\/uv-hihat\/#breadcrumb","itemListElement":[{"@type":"ListItem","position":1,"name":"Home","item":"https:\/\/ergsport.fi\/en\/frontpage\/"},{"@type":"ListItem","position":2,"name":"Shop","item":"https:\/\/ergsport.fi\/en\/shop\/"},{"@type":"ListItem","position":3,"name":"UV-hihat"}]},{"@type":"WebSite","@id":"https:\/\/ergsport.fi\/en\/#website","url":"https:\/\/ergsport.fi\/en\/","name":"Erg Sport Oy","description":"","publisher":{"@id":"https:\/\/ergsport.fi\/en\/#organization"},"potentialAction":[{"@type":"SearchAction","target":{"@type":"EntryPoint","urlTemplate":"https:\/\/ergsport.fi\/en\/?s={search_term_string}"},"query-input":{"@type":"PropertyValueSpecification","valueRequired":true,"valueName":"search_term_string"}}],"inLanguage":"en-US"},{"@type":"Organization","@id":"https:\/\/ergsport.fi\/en\/#organization","name":"Erg Sport Oy","url":"https:\/\/ergsport.fi\/en\/","logo":{"@type":"ImageObject","inLanguage":"en-US","@id":"https:\/\/ergsport.fi\/en\/#\/schema\/logo\/image\/","url":"https:\/\/ergsport.fi\/wp-content\/uploads\/2024\/03\/erg-sport-logoikoni-tumma@4x.png","contentUrl":"https:\/\/ergsport.fi\/wp-content\/uploads\/2024\/03\/erg-sport-logoikoni-tumma@4x.png","width":792,"height":704,"caption":"Erg Sport Oy"},"image":{"@id":"https:\/\/ergsport.fi\/en\/#\/schema\/logo\/image\/"}}]}},"_links":{"self":[{"href":"https:\/\/ergsport.fi\/en\/wp-json\/wp\/v2\/product\/263254","targetHints":{"allow":["GET"]}}],"collection":[{"href":"https:\/\/ergsport.fi\/en\/wp-json\/wp\/v2\/product"}],"about":[{"href":"https:\/\/ergsport.fi\/en\/wp-json\/wp\/v2\/types\/product"}],"replies":[{"embeddable":true,"href":"https:\/\/ergsport.fi\/en\/wp-json\/wp\/v2\/comments?post=263254"}],"wp:featuredmedia":[{"embeddable":true,"href":"https:\/\/ergsport.fi\/en\/wp-json\/wp\/v2\/media\/263257"}],"wp:attachment":[{"href":"https:\/\/ergsport.fi\/en\/wp-json\/wp\/v2\/media?parent=263254"}],"wp:term":[{"taxonomy":"product_brand","embeddable":true,"href":"https:\/\/ergsport.fi\/en\/wp-json\/wp\/v2\/product_brand?post=263254"},{"taxonomy":"product_cat","embeddable":true,"href":"https:\/\/ergsport.fi\/en\/wp-json\/wp\/v2\/product_cat?post=263254"},{"taxonomy":"product_tag","embeddable":true,"href":"https:\/\/ergsport.fi\/en\/wp-json\/wp\/v2\/product_tag?post=263254"}],"curies":[{"name":"wp","href":"https:\/\/api.w.org\/{rel}","templated":true}]}}