{"id":262598,"date":"2024-10-04T15:36:10","date_gmt":"2024-10-04T13:36:10","guid":{"rendered":"https:\/\/ergsport.fi\/?post_type=product&#038;p=262598"},"modified":"2025-08-14T08:11:41","modified_gmt":"2025-08-14T06:11:41","slug":"suomalaisen-soutajan-ohjelma","status":"publish","type":"product","link":"https:\/\/ergsport.fi\/en\/shop\/valmennus\/kestavyysvalmennus\/suomalaisen-soutajan-ohjelma\/","title":{"rendered":"Suomalaisen soutajan ohjelma"},"content":{"rendered":"<p>Ymp\u00e4rivuotinen ohjelma suomalaisille soutajille. T\u00e4st\u00e4 voit napata ensimm\u00e4isen jakson itsellesi! Seuraava jakso tulee myyntiin 3.11 &#8211; alennettuun hintaan t\u00e4m\u00e4n ohjelman ostaneille. Suomalaissoutajan harjoitusohjelma\u00a0jolla Suomalaissoutajan on kehitt\u00e4v\u00e4\u00e4 harjoitella kohti<br \/>\nkotimaisia sis\u00e4soutukilpailuja, ulkokautta, ja my\u00f6s Puuvenekauden kohokohtaa, &#8211; Sulkavan Suursoutuja. Ohjelmassa on n. 8\u201311 tuntia harjoittelua viikoittain. Pyrin ohjelmaa tehdess\u00e4ni laittamaan peliin valmennusosaamiseni, ja uskon ett\u00e4 ohjelma toimii hyvin. Ohjaan oheismateriaaleissa tekem\u00e4\u00e4n harjoitukset oikeilla tehoilla, jotta tulokset olisivat mahdollisimman hyvi\u00e4 k\u00e4ytett\u00e4viss\u00e4 olevaan aikaan n\u00e4hden. Suurin osa soudun<br \/>\nharrastajista k\u00e4y t\u00f6iss\u00e4 tai opiskelee, muodostuu t\u00e4rke\u00e4ksi, ett\u00e4 pyrit\u00e4\u00e4n saavuttamaan mahdollisimman v\u00e4h\u00e4ll\u00e4 ty\u00f6ll\u00e4 mahdollisimman hyvi\u00e4 tuloksia, ja toisaalta rajataan harjoitusm\u00e4\u00e4ri\u00e4 siten ett\u00e4 ohjelman toteuttaminen on t\u00f6iden ohessa mahdollista. Ohjelmaan liittyy voimaharjoittelu \u2013 osio josta jokainen voi ottaa itselleen parhaat palat.<br \/>\nOhjelman hinta 10 \u20ac \/ vko<\/p>\n<p>Jaksoja on eri mittaisia, ja maksat jaksosta sen keston mukaan. Yhden jakson tekeminen ei sido seuraaviin jaksoihin. Jaksoja on my\u00f6s siten, ett\u00e4 talven Sis\u00e4soutukilpailut on ohjelmoitu eri ohjelmaan niille ketk\u00e4 haluavat kilpailla, ja niille, jotka eiv\u00e4t l\u00e4mpene talven kisailuille, on oma ohjelmansa, joka keskittyy perusharjoitteluun.<\/p>\n<p><strong>Ohjelma sis\u00e4lt\u00e4\u00e4:<\/strong><\/p>\n<ul>\n<li>6 viikon harjoitusohjelman<\/li>\n<li>Veikko Sinisalon ajatuksia ja filosofiaa luennon muodossa kest\u00e4vyysharjoittelusta (luettavassa ja kuunneltavassa muodossa)<\/li>\n<li>Soututekniikan verkkokurssin &#8211; sis\u00e4soutuun<\/li>\n<li>8\u201311 tuntia harjoittelua viikoittain<\/li>\n<li>Ohjeet oikeisiin tehoihin ja tuloksiin<\/li>\n<li>Joustava ohjelma, joka sopii ty\u00f6- tai opiskeluarkeen<\/li>\n<\/ul>\n<p>T\u00e4m\u00e4n ohjelman ostaneille seuraava ohjelma -25%<\/p>\n<p><a href=\"https:\/\/ergsport.fi\/soutuvalmennus-soudun-ohjelmointi\/\">Lue lis\u00e4\u00e4 ohjelmoinnista<\/a><\/p>\n<p class=\"text-body font-regular leading-[24px] pt-[9px] pb-[2px]\" dir=\"ltr\">\n","protected":false},"excerpt":{"rendered":"<p>Ymp\u00e4rivuotinen ohjelma suomalaisille soutajille. T\u00e4st\u00e4 voit napata ensimm\u00e4isen jakson itsellesi! Seuraava jakso tulee myyntiin 3.11 &#8211; alennettuun hintaan t\u00e4m\u00e4n ohjelman ostaneille. Suomalaissoutajan harjoitusohjelma\u00a0jolla Suomalaissoutajan on kehitt\u00e4v\u00e4\u00e4 harjoitella kohti kotimaisia sis\u00e4soutukilpailuja, ulkokautta, ja my\u00f6s Puuvenekauden kohokohtaa, &#8211; Sulkavan Suursoutuja. Ohjelmassa on n. 8\u201311 tuntia harjoittelua viikoittain. Pyrin ohjelmaa tehdess\u00e4ni laittamaan peliin valmennusosaamiseni, ja uskon ett\u00e4 ohjelma [&hellip;]<\/p>\n","protected":false},"featured_media":262629,"comment_status":"open","ping_status":"closed","template":"","meta":{"_acf_changed":false,"_et_pb_use_builder":"off","_et_pb_old_content":"","_et_gb_content_width":""},"product_brand":[],"product_cat":[207,87],"product_tag":[],"class_list":{"0":"post-262598","1":"product","2":"type-product","3":"status-publish","4":"has-post-thumbnail","6":"product_cat-soutuvalmennus","7":"product_cat-kestavyysvalmennus","9":"first","10":"instock","11":"virtual","12":"sold-individually","13":"taxable","14":"purchasable","15":"product-type-course"},"acf":[],"yoast_head":"<!-- This site is optimized with the Yoast SEO plugin v25.9 - https:\/\/yoast.com\/wordpress\/plugins\/seo\/ -->\n<title>Suomalaisen soutajan ohjelma | Erg Sport Oy<\/title>\n<meta name=\"description\" content=\"Valmistaudu kotimaisiin sis\u00e4soutukilpailuihin ja Puuvenekauden kohokohtaan, Sulkavan Suursoutuihin, asiantuntevasti suunnitellulla harjoitusohjelmalla. T\u00e4m\u00e4 ohjelma on kehitetty erityisesti soudun harrastajille ja kilpasoutajille.\" \/>\n<meta name=\"robots\" content=\"index, follow, max-snippet:-1, max-image-preview:large, max-video-preview:-1\" \/>\n<link rel=\"canonical\" href=\"https:\/\/ergsport.fi\/en\/shop\/valmennus\/kestavyysvalmennus\/suomalaisen-soutajan-ohjelma\/\" \/>\n<meta property=\"og:locale\" content=\"en_US\" \/>\n<meta property=\"og:type\" content=\"article\" \/>\n<meta property=\"og:title\" content=\"Suomalaisen soutajan ohjelma | Erg Sport Oy\" \/>\n<meta property=\"og:description\" content=\"Valmistaudu kotimaisiin sis\u00e4soutukilpailuihin ja Puuvenekauden kohokohtaan, Sulkavan Suursoutuihin, asiantuntevasti suunnitellulla harjoitusohjelmalla. T\u00e4m\u00e4 ohjelma on kehitetty erityisesti soudun harrastajille ja kilpasoutajille.\" \/>\n<meta property=\"og:url\" content=\"https:\/\/ergsport.fi\/en\/shop\/valmennus\/kestavyysvalmennus\/suomalaisen-soutajan-ohjelma\/\" \/>\n<meta property=\"og:site_name\" content=\"Erg Sport Oy\" \/>\n<meta property=\"article:modified_time\" content=\"2025-08-14T06:11:41+00:00\" \/>\n<meta property=\"og:image\" content=\"https:\/\/ergsport.fi\/wp-content\/uploads\/2024\/10\/Soututekniikka-10-1024x576.png\" \/>\n\t<meta property=\"og:image:width\" content=\"1024\" \/>\n\t<meta property=\"og:image:height\" content=\"576\" \/>\n\t<meta property=\"og:image:type\" content=\"image\/png\" \/>\n<meta name=\"twitter:card\" content=\"summary_large_image\" \/>\n<meta name=\"twitter:label1\" content=\"Est. reading time\" \/>\n\t<meta name=\"twitter:data1\" content=\"2 minutes\" \/>\n<script type=\"application\/ld+json\" class=\"yoast-schema-graph\">{\"@context\":\"https:\/\/schema.org\",\"@graph\":[{\"@type\":\"WebPage\",\"@id\":\"https:\/\/ergsport.fi\/en\/shop\/valmennus\/kestavyysvalmennus\/suomalaisen-soutajan-ohjelma\/\",\"url\":\"https:\/\/ergsport.fi\/en\/shop\/valmennus\/kestavyysvalmennus\/suomalaisen-soutajan-ohjelma\/\",\"name\":\"Suomalaisen soutajan ohjelma | Erg Sport Oy\",\"isPartOf\":{\"@id\":\"https:\/\/ergsport.fi\/en\/#website\"},\"primaryImageOfPage\":{\"@id\":\"https:\/\/ergsport.fi\/en\/shop\/valmennus\/kestavyysvalmennus\/suomalaisen-soutajan-ohjelma\/#primaryimage\"},\"image\":{\"@id\":\"https:\/\/ergsport.fi\/en\/shop\/valmennus\/kestavyysvalmennus\/suomalaisen-soutajan-ohjelma\/#primaryimage\"},\"thumbnailUrl\":\"https:\/\/ergsport.fi\/wp-content\/uploads\/2024\/10\/Soututekniikka-10.png\",\"datePublished\":\"2024-10-04T13:36:10+00:00\",\"dateModified\":\"2025-08-14T06:11:41+00:00\",\"description\":\"Valmistaudu kotimaisiin sis\u00e4soutukilpailuihin ja Puuvenekauden kohokohtaan, Sulkavan Suursoutuihin, asiantuntevasti suunnitellulla harjoitusohjelmalla. T\u00e4m\u00e4 ohjelma on kehitetty erityisesti soudun harrastajille ja kilpasoutajille.\",\"breadcrumb\":{\"@id\":\"https:\/\/ergsport.fi\/en\/shop\/valmennus\/kestavyysvalmennus\/suomalaisen-soutajan-ohjelma\/#breadcrumb\"},\"inLanguage\":\"en-US\",\"potentialAction\":[{\"@type\":\"ReadAction\",\"target\":[\"https:\/\/ergsport.fi\/en\/shop\/valmennus\/kestavyysvalmennus\/suomalaisen-soutajan-ohjelma\/\"]}]},{\"@type\":\"ImageObject\",\"inLanguage\":\"en-US\",\"@id\":\"https:\/\/ergsport.fi\/en\/shop\/valmennus\/kestavyysvalmennus\/suomalaisen-soutajan-ohjelma\/#primaryimage\",\"url\":\"https:\/\/ergsport.fi\/wp-content\/uploads\/2024\/10\/Soututekniikka-10.png\",\"contentUrl\":\"https:\/\/ergsport.fi\/wp-content\/uploads\/2024\/10\/Soututekniikka-10.png\",\"width\":2560,\"height\":1440,\"caption\":\"Concept2\"},{\"@type\":\"BreadcrumbList\",\"@id\":\"https:\/\/ergsport.fi\/en\/shop\/valmennus\/kestavyysvalmennus\/suomalaisen-soutajan-ohjelma\/#breadcrumb\",\"itemListElement\":[{\"@type\":\"ListItem\",\"position\":1,\"name\":\"Home\",\"item\":\"https:\/\/ergsport.fi\/en\/frontpage\/\"},{\"@type\":\"ListItem\",\"position\":2,\"name\":\"Shop\",\"item\":\"https:\/\/ergsport.fi\/en\/shop\/\"},{\"@type\":\"ListItem\",\"position\":3,\"name\":\"Suomalaisen soutajan ohjelma\"}]},{\"@type\":\"WebSite\",\"@id\":\"https:\/\/ergsport.fi\/en\/#website\",\"url\":\"https:\/\/ergsport.fi\/en\/\",\"name\":\"Erg Sport Oy\",\"description\":\"\",\"publisher\":{\"@id\":\"https:\/\/ergsport.fi\/en\/#organization\"},\"potentialAction\":[{\"@type\":\"SearchAction\",\"target\":{\"@type\":\"EntryPoint\",\"urlTemplate\":\"https:\/\/ergsport.fi\/en\/?s={search_term_string}\"},\"query-input\":{\"@type\":\"PropertyValueSpecification\",\"valueRequired\":true,\"valueName\":\"search_term_string\"}}],\"inLanguage\":\"en-US\"},{\"@type\":\"Organization\",\"@id\":\"https:\/\/ergsport.fi\/en\/#organization\",\"name\":\"Erg Sport Oy\",\"url\":\"https:\/\/ergsport.fi\/en\/\",\"logo\":{\"@type\":\"ImageObject\",\"inLanguage\":\"en-US\",\"@id\":\"https:\/\/ergsport.fi\/en\/#\/schema\/logo\/image\/\",\"url\":\"https:\/\/ergsport.fi\/wp-content\/uploads\/2024\/03\/erg-sport-logoikoni-tumma@4x.png\",\"contentUrl\":\"https:\/\/ergsport.fi\/wp-content\/uploads\/2024\/03\/erg-sport-logoikoni-tumma@4x.png\",\"width\":792,\"height\":704,\"caption\":\"Erg Sport Oy\"},\"image\":{\"@id\":\"https:\/\/ergsport.fi\/en\/#\/schema\/logo\/image\/\"}}]}<\/script>\n<!-- \/ Yoast SEO plugin. -->","yoast_head_json":{"title":"Suomalaisen soutajan ohjelma | Erg Sport Oy","description":"Valmistaudu kotimaisiin sis\u00e4soutukilpailuihin ja Puuvenekauden kohokohtaan, Sulkavan Suursoutuihin, asiantuntevasti suunnitellulla harjoitusohjelmalla. T\u00e4m\u00e4 ohjelma on kehitetty erityisesti soudun harrastajille ja kilpasoutajille.","robots":{"index":"index","follow":"follow","max-snippet":"max-snippet:-1","max-image-preview":"max-image-preview:large","max-video-preview":"max-video-preview:-1"},"canonical":"https:\/\/ergsport.fi\/en\/shop\/valmennus\/kestavyysvalmennus\/suomalaisen-soutajan-ohjelma\/","og_locale":"en_US","og_type":"article","og_title":"Suomalaisen soutajan ohjelma | Erg Sport Oy","og_description":"Valmistaudu kotimaisiin sis\u00e4soutukilpailuihin ja Puuvenekauden kohokohtaan, Sulkavan Suursoutuihin, asiantuntevasti suunnitellulla harjoitusohjelmalla. T\u00e4m\u00e4 ohjelma on kehitetty erityisesti soudun harrastajille ja kilpasoutajille.","og_url":"https:\/\/ergsport.fi\/en\/shop\/valmennus\/kestavyysvalmennus\/suomalaisen-soutajan-ohjelma\/","og_site_name":"Erg Sport Oy","article_modified_time":"2025-08-14T06:11:41+00:00","og_image":[{"width":1024,"height":576,"url":"https:\/\/ergsport.fi\/wp-content\/uploads\/2024\/10\/Soututekniikka-10-1024x576.png","type":"image\/png"}],"twitter_card":"summary_large_image","twitter_misc":{"Est. reading time":"2 minutes"},"schema":{"@context":"https:\/\/schema.org","@graph":[{"@type":"WebPage","@id":"https:\/\/ergsport.fi\/en\/shop\/valmennus\/kestavyysvalmennus\/suomalaisen-soutajan-ohjelma\/","url":"https:\/\/ergsport.fi\/en\/shop\/valmennus\/kestavyysvalmennus\/suomalaisen-soutajan-ohjelma\/","name":"Suomalaisen soutajan ohjelma | Erg Sport Oy","isPartOf":{"@id":"https:\/\/ergsport.fi\/en\/#website"},"primaryImageOfPage":{"@id":"https:\/\/ergsport.fi\/en\/shop\/valmennus\/kestavyysvalmennus\/suomalaisen-soutajan-ohjelma\/#primaryimage"},"image":{"@id":"https:\/\/ergsport.fi\/en\/shop\/valmennus\/kestavyysvalmennus\/suomalaisen-soutajan-ohjelma\/#primaryimage"},"thumbnailUrl":"https:\/\/ergsport.fi\/wp-content\/uploads\/2024\/10\/Soututekniikka-10.png","datePublished":"2024-10-04T13:36:10+00:00","dateModified":"2025-08-14T06:11:41+00:00","description":"Valmistaudu kotimaisiin sis\u00e4soutukilpailuihin ja Puuvenekauden kohokohtaan, Sulkavan Suursoutuihin, asiantuntevasti suunnitellulla harjoitusohjelmalla. T\u00e4m\u00e4 ohjelma on kehitetty erityisesti soudun harrastajille ja kilpasoutajille.","breadcrumb":{"@id":"https:\/\/ergsport.fi\/en\/shop\/valmennus\/kestavyysvalmennus\/suomalaisen-soutajan-ohjelma\/#breadcrumb"},"inLanguage":"en-US","potentialAction":[{"@type":"ReadAction","target":["https:\/\/ergsport.fi\/en\/shop\/valmennus\/kestavyysvalmennus\/suomalaisen-soutajan-ohjelma\/"]}]},{"@type":"ImageObject","inLanguage":"en-US","@id":"https:\/\/ergsport.fi\/en\/shop\/valmennus\/kestavyysvalmennus\/suomalaisen-soutajan-ohjelma\/#primaryimage","url":"https:\/\/ergsport.fi\/wp-content\/uploads\/2024\/10\/Soututekniikka-10.png","contentUrl":"https:\/\/ergsport.fi\/wp-content\/uploads\/2024\/10\/Soututekniikka-10.png","width":2560,"height":1440,"caption":"Concept2"},{"@type":"BreadcrumbList","@id":"https:\/\/ergsport.fi\/en\/shop\/valmennus\/kestavyysvalmennus\/suomalaisen-soutajan-ohjelma\/#breadcrumb","itemListElement":[{"@type":"ListItem","position":1,"name":"Home","item":"https:\/\/ergsport.fi\/en\/frontpage\/"},{"@type":"ListItem","position":2,"name":"Shop","item":"https:\/\/ergsport.fi\/en\/shop\/"},{"@type":"ListItem","position":3,"name":"Suomalaisen soutajan ohjelma"}]},{"@type":"WebSite","@id":"https:\/\/ergsport.fi\/en\/#website","url":"https:\/\/ergsport.fi\/en\/","name":"Erg Sport Oy","description":"","publisher":{"@id":"https:\/\/ergsport.fi\/en\/#organization"},"potentialAction":[{"@type":"SearchAction","target":{"@type":"EntryPoint","urlTemplate":"https:\/\/ergsport.fi\/en\/?s={search_term_string}"},"query-input":{"@type":"PropertyValueSpecification","valueRequired":true,"valueName":"search_term_string"}}],"inLanguage":"en-US"},{"@type":"Organization","@id":"https:\/\/ergsport.fi\/en\/#organization","name":"Erg Sport Oy","url":"https:\/\/ergsport.fi\/en\/","logo":{"@type":"ImageObject","inLanguage":"en-US","@id":"https:\/\/ergsport.fi\/en\/#\/schema\/logo\/image\/","url":"https:\/\/ergsport.fi\/wp-content\/uploads\/2024\/03\/erg-sport-logoikoni-tumma@4x.png","contentUrl":"https:\/\/ergsport.fi\/wp-content\/uploads\/2024\/03\/erg-sport-logoikoni-tumma@4x.png","width":792,"height":704,"caption":"Erg Sport Oy"},"image":{"@id":"https:\/\/ergsport.fi\/en\/#\/schema\/logo\/image\/"}}]}},"_links":{"self":[{"href":"https:\/\/ergsport.fi\/en\/wp-json\/wp\/v2\/product\/262598","targetHints":{"allow":["GET"]}}],"collection":[{"href":"https:\/\/ergsport.fi\/en\/wp-json\/wp\/v2\/product"}],"about":[{"href":"https:\/\/ergsport.fi\/en\/wp-json\/wp\/v2\/types\/product"}],"replies":[{"embeddable":true,"href":"https:\/\/ergsport.fi\/en\/wp-json\/wp\/v2\/comments?post=262598"}],"wp:featuredmedia":[{"embeddable":true,"href":"https:\/\/ergsport.fi\/en\/wp-json\/wp\/v2\/media\/262629"}],"wp:attachment":[{"href":"https:\/\/ergsport.fi\/en\/wp-json\/wp\/v2\/media?parent=262598"}],"wp:term":[{"taxonomy":"product_brand","embeddable":true,"href":"https:\/\/ergsport.fi\/en\/wp-json\/wp\/v2\/product_brand?post=262598"},{"taxonomy":"product_cat","embeddable":true,"href":"https:\/\/ergsport.fi\/en\/wp-json\/wp\/v2\/product_cat?post=262598"},{"taxonomy":"product_tag","embeddable":true,"href":"https:\/\/ergsport.fi\/en\/wp-json\/wp\/v2\/product_tag?post=262598"}],"curies":[{"name":"wp","href":"https:\/\/api.w.org\/{rel}","templated":true}]}}