{"id":261375,"date":"2024-09-03T06:34:35","date_gmt":"2024-09-03T04:34:35","guid":{"rendered":"https:\/\/ergsport.fi\/?post_type=product&#038;p=261375"},"modified":"2025-08-14T08:12:48","modified_gmt":"2025-08-14T06:12:48","slug":"torstain-pienryhmatreenit-7-30-9-00","status":"publish","type":"product","link":"https:\/\/ergsport.fi\/en\/shop\/valmennus\/voimavalmennus\/treenit\/torstain-pienryhmatreenit-7-30-9-00\/","title":{"rendered":"Torstain pienryhm\u00e4treenit 7.30-9.00"},"content":{"rendered":"<p>Oikea tekniikka takaa ett\u00e4 treeni menee perille, ja pysyt ehj\u00e4n\u00e4. Tule omalla ohjelmalla tai osallistu p\u00e4iv\u00e4n treeniin. Pienryhm\u00e4 &#8211; jossa keskityn jokaisen treenaamiseen ja annan henkil\u00f6kohtaista palautetta tekemisest\u00e4. Treeneihin mahtuu mukaan max. 8.<\/p>\n<p>Ja onhan se nyt mukavampaa treenata porukalla!<\/p>\n<p>Tikkurilantie 10, 01380 Vantaa<\/p>\n<p>Saapumisohjeet:<\/p>\n<p>K\u00e4\u00e4nny Tikkurilantie 12 kohdalta, ja kulje Ramirentin ja Adamaxin v\u00e4list\u00e4 kohti sinist\u00e4 kaarihallia. Kulje kaarihallin kohdalta portista sis\u00e4pihalle. Parkkipaikan l\u00f6yd\u00e4t kaarihallin takaa, portista katsoen oikealta. Meid\u00e4n sis\u00e4\u00e4nk\u00e4yntimme on portista katsoen vasemmassa kulmassa, oven 308 vieress\u00e4. Sis\u00e4\u00e4n ulko-ovesta p\u00e4\u00e4see vain kulkukortilla, joten soita mik\u00e4li en ole ovella vastassa\/tai olet eksyksiss\u00e4!<\/p>\n","protected":false},"excerpt":{"rendered":"<p>Oikea tekniikka takaa ett\u00e4 treeni menee perille, ja pysyt ehj\u00e4n\u00e4. Tule omalla ohjelmalla tai osallistu p\u00e4iv\u00e4n treeniin. Pienryhm\u00e4 &#8211; jossa keskityn jokaisen treenaamiseen ja annan henkil\u00f6kohtaista palautetta tekemisest\u00e4.<\/p>\n","protected":false},"featured_media":261244,"comment_status":"open","ping_status":"closed","template":"","meta":{"_acf_changed":false,"_et_pb_use_builder":"","_et_pb_old_content":"","_et_gb_content_width":""},"product_brand":[],"product_cat":[198,15,86],"product_tag":[],"class_list":{"0":"post-261375","1":"product","2":"type-product","3":"status-publish","4":"has-post-thumbnail","6":"product_cat-treenit","7":"product_cat-valmennus","8":"product_cat-voimavalmennus","10":"first","11":"instock","12":"taxable","13":"shipping-taxable","14":"purchasable","15":"product-type-variable"},"acf":[],"yoast_head":"<!-- This site is optimized with the Yoast SEO plugin v25.9 - https:\/\/yoast.com\/wordpress\/plugins\/seo\/ -->\n<title>Torstain pienryhm\u00e4treenit 7.30-9.00 | Erg Sport Oy<\/title>\n<meta name=\"robots\" content=\"index, follow, max-snippet:-1, max-image-preview:large, max-video-preview:-1\" \/>\n<link rel=\"canonical\" href=\"https:\/\/ergsport.fi\/en\/shop\/valmennus\/voimavalmennus\/treenit\/torstain-pienryhmatreenit-7-30-9-00\/\" \/>\n<meta property=\"og:locale\" content=\"en_US\" \/>\n<meta property=\"og:type\" content=\"article\" \/>\n<meta property=\"og:title\" content=\"Torstain pienryhm\u00e4treenit 7.30-9.00 | Erg Sport Oy\" \/>\n<meta property=\"og:description\" content=\"Oikea tekniikka takaa ett\u00e4 treeni menee perille, ja pysyt ehj\u00e4n\u00e4. Tule omalla ohjelmalla tai osallistu p\u00e4iv\u00e4n treeniin. Pienryhm\u00e4 - jossa keskityn jokaisen treenaamiseen ja annan henkil\u00f6kohtaista palautetta tekemisest\u00e4.\" \/>\n<meta property=\"og:url\" content=\"https:\/\/ergsport.fi\/en\/shop\/valmennus\/voimavalmennus\/treenit\/torstain-pienryhmatreenit-7-30-9-00\/\" \/>\n<meta property=\"og:site_name\" content=\"Erg Sport Oy\" \/>\n<meta property=\"article:modified_time\" content=\"2025-08-14T06:12:48+00:00\" \/>\n<meta property=\"og:image\" content=\"https:\/\/ergsport.fi\/wp-content\/uploads\/2024\/05\/Irontempaus1-e1725274282232.jpg\" \/>\n\t<meta property=\"og:image:width\" content=\"1440\" \/>\n\t<meta property=\"og:image:height\" content=\"1104\" \/>\n\t<meta property=\"og:image:type\" content=\"image\/jpeg\" \/>\n<meta name=\"twitter:card\" content=\"summary_large_image\" \/>\n<meta name=\"twitter:label1\" content=\"Est. reading time\" \/>\n\t<meta name=\"twitter:data1\" content=\"1 minute\" \/>\n<script type=\"application\/ld+json\" class=\"yoast-schema-graph\">{\"@context\":\"https:\/\/schema.org\",\"@graph\":[{\"@type\":\"WebPage\",\"@id\":\"https:\/\/ergsport.fi\/en\/shop\/valmennus\/voimavalmennus\/treenit\/torstain-pienryhmatreenit-7-30-9-00\/\",\"url\":\"https:\/\/ergsport.fi\/en\/shop\/valmennus\/voimavalmennus\/treenit\/torstain-pienryhmatreenit-7-30-9-00\/\",\"name\":\"Torstain pienryhm\u00e4treenit 7.30-9.00 | Erg Sport Oy\",\"isPartOf\":{\"@id\":\"https:\/\/ergsport.fi\/en\/#website\"},\"primaryImageOfPage\":{\"@id\":\"https:\/\/ergsport.fi\/en\/shop\/valmennus\/voimavalmennus\/treenit\/torstain-pienryhmatreenit-7-30-9-00\/#primaryimage\"},\"image\":{\"@id\":\"https:\/\/ergsport.fi\/en\/shop\/valmennus\/voimavalmennus\/treenit\/torstain-pienryhmatreenit-7-30-9-00\/#primaryimage\"},\"thumbnailUrl\":\"https:\/\/ergsport.fi\/wp-content\/uploads\/2024\/05\/Irontempaus1-e1725274282232.jpg\",\"datePublished\":\"2024-09-03T04:34:35+00:00\",\"dateModified\":\"2025-08-14T06:12:48+00:00\",\"breadcrumb\":{\"@id\":\"https:\/\/ergsport.fi\/en\/shop\/valmennus\/voimavalmennus\/treenit\/torstain-pienryhmatreenit-7-30-9-00\/#breadcrumb\"},\"inLanguage\":\"en-US\",\"potentialAction\":[{\"@type\":\"ReadAction\",\"target\":[\"https:\/\/ergsport.fi\/en\/shop\/valmennus\/voimavalmennus\/treenit\/torstain-pienryhmatreenit-7-30-9-00\/\"]}]},{\"@type\":\"ImageObject\",\"inLanguage\":\"en-US\",\"@id\":\"https:\/\/ergsport.fi\/en\/shop\/valmennus\/voimavalmennus\/treenit\/torstain-pienryhmatreenit-7-30-9-00\/#primaryimage\",\"url\":\"https:\/\/ergsport.fi\/wp-content\/uploads\/2024\/05\/Irontempaus1-e1725274282232.jpg\",\"contentUrl\":\"https:\/\/ergsport.fi\/wp-content\/uploads\/2024\/05\/Irontempaus1-e1725274282232.jpg\",\"width\":1440,\"height\":1104,\"caption\":\"Concept 2\"},{\"@type\":\"BreadcrumbList\",\"@id\":\"https:\/\/ergsport.fi\/en\/shop\/valmennus\/voimavalmennus\/treenit\/torstain-pienryhmatreenit-7-30-9-00\/#breadcrumb\",\"itemListElement\":[{\"@type\":\"ListItem\",\"position\":1,\"name\":\"Home\",\"item\":\"https:\/\/ergsport.fi\/en\/frontpage\/\"},{\"@type\":\"ListItem\",\"position\":2,\"name\":\"Shop\",\"item\":\"https:\/\/ergsport.fi\/en\/shop\/\"},{\"@type\":\"ListItem\",\"position\":3,\"name\":\"Torstain pienryhm\u00e4treenit 7.30-9.00\"}]},{\"@type\":\"WebSite\",\"@id\":\"https:\/\/ergsport.fi\/en\/#website\",\"url\":\"https:\/\/ergsport.fi\/en\/\",\"name\":\"Erg Sport Oy\",\"description\":\"\",\"publisher\":{\"@id\":\"https:\/\/ergsport.fi\/en\/#organization\"},\"potentialAction\":[{\"@type\":\"SearchAction\",\"target\":{\"@type\":\"EntryPoint\",\"urlTemplate\":\"https:\/\/ergsport.fi\/en\/?s={search_term_string}\"},\"query-input\":{\"@type\":\"PropertyValueSpecification\",\"valueRequired\":true,\"valueName\":\"search_term_string\"}}],\"inLanguage\":\"en-US\"},{\"@type\":\"Organization\",\"@id\":\"https:\/\/ergsport.fi\/en\/#organization\",\"name\":\"Erg Sport Oy\",\"url\":\"https:\/\/ergsport.fi\/en\/\",\"logo\":{\"@type\":\"ImageObject\",\"inLanguage\":\"en-US\",\"@id\":\"https:\/\/ergsport.fi\/en\/#\/schema\/logo\/image\/\",\"url\":\"https:\/\/ergsport.fi\/wp-content\/uploads\/2024\/03\/erg-sport-logoikoni-tumma@4x.png\",\"contentUrl\":\"https:\/\/ergsport.fi\/wp-content\/uploads\/2024\/03\/erg-sport-logoikoni-tumma@4x.png\",\"width\":792,\"height\":704,\"caption\":\"Erg Sport Oy\"},\"image\":{\"@id\":\"https:\/\/ergsport.fi\/en\/#\/schema\/logo\/image\/\"}}]}<\/script>\n<!-- \/ Yoast SEO plugin. -->","yoast_head_json":{"title":"Torstain pienryhm\u00e4treenit 7.30-9.00 | Erg Sport Oy","robots":{"index":"index","follow":"follow","max-snippet":"max-snippet:-1","max-image-preview":"max-image-preview:large","max-video-preview":"max-video-preview:-1"},"canonical":"https:\/\/ergsport.fi\/en\/shop\/valmennus\/voimavalmennus\/treenit\/torstain-pienryhmatreenit-7-30-9-00\/","og_locale":"en_US","og_type":"article","og_title":"Torstain pienryhm\u00e4treenit 7.30-9.00 | Erg Sport Oy","og_description":"Oikea tekniikka takaa ett\u00e4 treeni menee perille, ja pysyt ehj\u00e4n\u00e4. Tule omalla ohjelmalla tai osallistu p\u00e4iv\u00e4n treeniin. Pienryhm\u00e4 - jossa keskityn jokaisen treenaamiseen ja annan henkil\u00f6kohtaista palautetta tekemisest\u00e4.","og_url":"https:\/\/ergsport.fi\/en\/shop\/valmennus\/voimavalmennus\/treenit\/torstain-pienryhmatreenit-7-30-9-00\/","og_site_name":"Erg Sport Oy","article_modified_time":"2025-08-14T06:12:48+00:00","og_image":[{"width":1440,"height":1104,"url":"https:\/\/ergsport.fi\/wp-content\/uploads\/2024\/05\/Irontempaus1-e1725274282232.jpg","type":"image\/jpeg"}],"twitter_card":"summary_large_image","twitter_misc":{"Est. reading time":"1 minute"},"schema":{"@context":"https:\/\/schema.org","@graph":[{"@type":"WebPage","@id":"https:\/\/ergsport.fi\/en\/shop\/valmennus\/voimavalmennus\/treenit\/torstain-pienryhmatreenit-7-30-9-00\/","url":"https:\/\/ergsport.fi\/en\/shop\/valmennus\/voimavalmennus\/treenit\/torstain-pienryhmatreenit-7-30-9-00\/","name":"Torstain pienryhm\u00e4treenit 7.30-9.00 | Erg Sport Oy","isPartOf":{"@id":"https:\/\/ergsport.fi\/en\/#website"},"primaryImageOfPage":{"@id":"https:\/\/ergsport.fi\/en\/shop\/valmennus\/voimavalmennus\/treenit\/torstain-pienryhmatreenit-7-30-9-00\/#primaryimage"},"image":{"@id":"https:\/\/ergsport.fi\/en\/shop\/valmennus\/voimavalmennus\/treenit\/torstain-pienryhmatreenit-7-30-9-00\/#primaryimage"},"thumbnailUrl":"https:\/\/ergsport.fi\/wp-content\/uploads\/2024\/05\/Irontempaus1-e1725274282232.jpg","datePublished":"2024-09-03T04:34:35+00:00","dateModified":"2025-08-14T06:12:48+00:00","breadcrumb":{"@id":"https:\/\/ergsport.fi\/en\/shop\/valmennus\/voimavalmennus\/treenit\/torstain-pienryhmatreenit-7-30-9-00\/#breadcrumb"},"inLanguage":"en-US","potentialAction":[{"@type":"ReadAction","target":["https:\/\/ergsport.fi\/en\/shop\/valmennus\/voimavalmennus\/treenit\/torstain-pienryhmatreenit-7-30-9-00\/"]}]},{"@type":"ImageObject","inLanguage":"en-US","@id":"https:\/\/ergsport.fi\/en\/shop\/valmennus\/voimavalmennus\/treenit\/torstain-pienryhmatreenit-7-30-9-00\/#primaryimage","url":"https:\/\/ergsport.fi\/wp-content\/uploads\/2024\/05\/Irontempaus1-e1725274282232.jpg","contentUrl":"https:\/\/ergsport.fi\/wp-content\/uploads\/2024\/05\/Irontempaus1-e1725274282232.jpg","width":1440,"height":1104,"caption":"Concept 2"},{"@type":"BreadcrumbList","@id":"https:\/\/ergsport.fi\/en\/shop\/valmennus\/voimavalmennus\/treenit\/torstain-pienryhmatreenit-7-30-9-00\/#breadcrumb","itemListElement":[{"@type":"ListItem","position":1,"name":"Home","item":"https:\/\/ergsport.fi\/en\/frontpage\/"},{"@type":"ListItem","position":2,"name":"Shop","item":"https:\/\/ergsport.fi\/en\/shop\/"},{"@type":"ListItem","position":3,"name":"Torstain pienryhm\u00e4treenit 7.30-9.00"}]},{"@type":"WebSite","@id":"https:\/\/ergsport.fi\/en\/#website","url":"https:\/\/ergsport.fi\/en\/","name":"Erg Sport Oy","description":"","publisher":{"@id":"https:\/\/ergsport.fi\/en\/#organization"},"potentialAction":[{"@type":"SearchAction","target":{"@type":"EntryPoint","urlTemplate":"https:\/\/ergsport.fi\/en\/?s={search_term_string}"},"query-input":{"@type":"PropertyValueSpecification","valueRequired":true,"valueName":"search_term_string"}}],"inLanguage":"en-US"},{"@type":"Organization","@id":"https:\/\/ergsport.fi\/en\/#organization","name":"Erg Sport Oy","url":"https:\/\/ergsport.fi\/en\/","logo":{"@type":"ImageObject","inLanguage":"en-US","@id":"https:\/\/ergsport.fi\/en\/#\/schema\/logo\/image\/","url":"https:\/\/ergsport.fi\/wp-content\/uploads\/2024\/03\/erg-sport-logoikoni-tumma@4x.png","contentUrl":"https:\/\/ergsport.fi\/wp-content\/uploads\/2024\/03\/erg-sport-logoikoni-tumma@4x.png","width":792,"height":704,"caption":"Erg Sport Oy"},"image":{"@id":"https:\/\/ergsport.fi\/en\/#\/schema\/logo\/image\/"}}]}},"_links":{"self":[{"href":"https:\/\/ergsport.fi\/en\/wp-json\/wp\/v2\/product\/261375","targetHints":{"allow":["GET"]}}],"collection":[{"href":"https:\/\/ergsport.fi\/en\/wp-json\/wp\/v2\/product"}],"about":[{"href":"https:\/\/ergsport.fi\/en\/wp-json\/wp\/v2\/types\/product"}],"replies":[{"embeddable":true,"href":"https:\/\/ergsport.fi\/en\/wp-json\/wp\/v2\/comments?post=261375"}],"wp:featuredmedia":[{"embeddable":true,"href":"https:\/\/ergsport.fi\/en\/wp-json\/wp\/v2\/media\/261244"}],"wp:attachment":[{"href":"https:\/\/ergsport.fi\/en\/wp-json\/wp\/v2\/media?parent=261375"}],"wp:term":[{"taxonomy":"product_brand","embeddable":true,"href":"https:\/\/ergsport.fi\/en\/wp-json\/wp\/v2\/product_brand?post=261375"},{"taxonomy":"product_cat","embeddable":true,"href":"https:\/\/ergsport.fi\/en\/wp-json\/wp\/v2\/product_cat?post=261375"},{"taxonomy":"product_tag","embeddable":true,"href":"https:\/\/ergsport.fi\/en\/wp-json\/wp\/v2\/product_tag?post=261375"}],"curies":[{"name":"wp","href":"https:\/\/api.w.org\/{rel}","templated":true}]}}